{"id":17,"date":"2023-04-03T20:31:30","date_gmt":"2023-04-03T18:31:30","guid":{"rendered":"https:\/\/istitutobuenosaires.esteri.it\/?page_id=17"},"modified":"2023-05-30T17:38:43","modified_gmt":"2023-05-30T14:38:43","slug":"gli_eventi","status":"publish","type":"page","link":"https:\/\/iicistanbul.esteri.it\/it\/gli_eventi\/","title":{"rendered":"Eventi"},"content":{"rendered":"        <div class=\"row\">\n\t\t\t<!-- Ricerca sedi post -->\n\t\t\t<div class=\"col-12 mt-4\">\n\t\t\t  <div class=\"callout callout-highlight note ricerca-esteri p-4\">\n                    <div class=\"callout-title\">\n                        <svg class=\"icon\">\n                            <use xlink:href=\"https:\/\/iicistanbul.esteri.it\/wp-content\/themes\/sedi-tema\/assets\/svg\/sprites.svg#it-search\"><\/use>\n                        <\/svg>Inserisci i parametri di ricerca                    <\/div>\n                    <form id=\"searchFormPost\" name=\"form-search-post\" class=\"form-row align-items-center\" action=\"https:\/\/iicistanbul.esteri.it\/it\/wp-json\/wp\/v2\/pages\/17\/\" method=\"GET\"> \n                        <!-- <div class=\"form-group pt-5\"> -->\n                            <!-- <input type=\"hidden\" id=\"lang\" name=\"lang\" value=\"\"> --> <!-- <\/div> -->\n\n                        <div class=\"it-datepicker-wrapper\">\n                            <div class=\"row\">\n                                <div class=\"form-group col-md-6\">\n                                    <label class=\"active\" for=\"date-init\">Dal<\/label>\n                                    <input class=\"form-control\" name=\"date-init\" id=\"date-init\" type=\"date\" placeholder=\"gg\/mm\/aaaa\" value=\"\"lang=\"en-EN\">  \n                                <\/div>\n                                <div class=\"form-group col-md-6\">\n                                    <label class=\"active\" for=\"date-end\">Al<\/label>\n                                    <input class=\"form-control\" name=\"date-end\" id=\"date-end\" type=\"date\" placeholder=\"gg\/mm\/aaaa\" value=\"\">\n                                <\/div>\n                            <\/div>\n                        <\/div>\n                        <div class=\"form-group col-md-12 mt-3\">\n                            <label for=\"searchText\">Campo ricerca libera<\/label>\n                            <input type=\"text\" name=\"searchText\" class=\"form-control\" id=\"searchText\" value=\"\">\n                        <\/div>\n                        <div class=\"form-group col-md-4 offset-md-8 text-end\">\n                            <a href=\"https:\/\/iicistanbul.esteri.it\/it\/gli_eventi\/\" title=\"Form reset\" id=\"resetImput\" class=\"btn btn-outline-primary btn-xs\">Reset<\/a>\n                            <button type=\"submit\" class=\"btn btn-primary btn-xs\">Mostra risultati<\/button>\n                        <\/div>\n                    <\/form>\n\t\t\t\t<\/div>\n\t\t\t<\/div>\n\t\t<\/div>\n                    \n            <div class=\"row\">\n                            <div class=\"col-12 mt-3\">\n                <!--start card-->\n                <div class=\"card-wrapper card-space\">\n                    <div class=\"card card-bg card-big border-bottom-card\">\n                        <div class=\"card-body row\">\n                                                    <div class=\"col-sm-3\">\n                                <div class=\"img-responsive\">\n                                    <figure class=\"img-wrapper\">\n                                        <a href=\"https:\/\/iicistanbul.esteri.it\/it\/gli_eventi\/calendario\/visioni-sarde-2026-cinema-made-in-sardegna\/\" title=\"Leggi l'articolo: Visioni Sarde 2026: Cinema made in Sardegna\">\n                                                                                            <img loading=\"lazy\" decoding=\"async\" width=\"300\" height=\"164\" src=\"https:\/\/iicistanbul.esteri.it\/wp-content\/uploads\/2026\/04\/Visioni-Sarde-2026-300x164.png\" srcset=\"https:\/\/iicistanbul.esteri.it\/wp-content\/uploads\/2026\/04\/Visioni-Sarde-2026.png 1204w, https:\/\/iicistanbul.esteri.it\/wp-content\/uploads\/2026\/04\/Visioni-Sarde-2026-300x164.png 300w, https:\/\/iicistanbul.esteri.it\/wp-content\/uploads\/2026\/04\/Visioni-Sarde-2026-1024x561.png 1024w, https:\/\/iicistanbul.esteri.it\/wp-content\/uploads\/2026\/04\/Visioni-Sarde-2026-768x421.png 768w\" sizes=\"auto, (max-width: 1204px) 100vw, 1204px\"  title=\"Visioni-Sarde-2026\" alt=\"\" class=\"img-fluid\">\n                                                                                    <\/a>\n                                    <\/figure>\n                                <\/div>\n                            <\/div>\n                            <div class=\"col-sm-9\">\n                                                            <div class=\"category-top\">\n                                    <span class=\"fw-bold \"><\/span>                                                                        <span class=\"\">\n                                        <svg class=\"icon icon-secondary\">\n                                            <use xlink:href=\"https:\/\/iicistanbul.esteri.it\/wp-content\/themes\/sedi-tema\/assets\/svg\/sprites.svg#it-calendar\"><\/use>\n                                        <\/svg> Mar 21 Apr 2026                                    <\/span>\n                                                                    <\/div>\n                            <h5 class=\"card-title big-heading text-uppercase\"><a class=\"text-body text-decoration-none\" href=\"https:\/\/iicistanbul.esteri.it\/it\/gli_eventi\/calendario\/visioni-sarde-2026-cinema-made-in-sardegna\/\" title=\"Visioni Sarde 2026: Cinema made in Sardegna\">Visioni Sarde 2026: Cinema made in Sardegna<\/a><\/h5>\n                            <p class=\"card-text\">L\u2019Istituto Italiano di Cultura di Istanbul \u00e8 lieto di presentare \u201cVisioni Sarde\u201d, una rassegna dedicata al cinema contemporaneo della Sardegna, che si terr\u00e0 il 21 aprile 2026 alle ore 19.30 presso il Beyo\u011flu Sinemas\u0131 \u2013 Sala Pera. L\u2019ingresso \u00e8 gratuito; i film saranno proiettati in lingua originale con sottotitoli in inglese. Nato nel 2014 nell\u2019ambito [&hellip;]<\/p>\n                                <a title=\"Visioni Sarde 2026: Cinema made in Sardegna\" class=\"read-more\" href=\"https:\/\/iicistanbul.esteri.it\/it\/gli_eventi\/calendario\/visioni-sarde-2026-cinema-made-in-sardegna\/\">\n                                    <span class=\"text\">Leggi di pi\u00f9<\/span>\n                                    <svg class=\"icon\">\n                                    <use xlink:href=\"https:\/\/iicistanbul.esteri.it\/wp-content\/themes\/sedi-tema\/assets\/svg\/sprites.svg#it-arrow-right\"><\/use>\n                                    <\/svg>\n                                <\/a>\n                                                        <\/div>\n                                                    <\/div>\n                    <\/div>\n                <\/div>\n                <!--end card-->\n                <\/div><!-- col-12 .mt-3-->\n                            <div class=\"col-12 mt-3\">\n                <!--start card-->\n                <div class=\"card-wrapper card-space\">\n                    <div class=\"card card-bg card-big border-bottom-card\">\n                        <div class=\"card-body row\">\n                                                    <div class=\"col-sm-3\">\n                                <div class=\"img-responsive\">\n                                    <figure class=\"img-wrapper\">\n                                        <a href=\"https:\/\/iicistanbul.esteri.it\/it\/gli_eventi\/calendario\/concerto-la-venezia-doriente\/\" title=\"Leggi l'articolo: Concerto: La Venezia d\u2019Oriente\">\n                                                                                            <img loading=\"lazy\" decoding=\"async\" width=\"300\" height=\"170\" src=\"https:\/\/iicistanbul.esteri.it\/wp-content\/uploads\/2026\/04\/dogunun-venediki-popup-40523edc-d373-49a4-9622-c1fb54c4f524-300x170.jpg\" srcset=\"https:\/\/iicistanbul.esteri.it\/wp-content\/uploads\/2026\/04\/dogunun-venediki-popup-40523edc-d373-49a4-9622-c1fb54c4f524.jpg 630w, https:\/\/iicistanbul.esteri.it\/wp-content\/uploads\/2026\/04\/dogunun-venediki-popup-40523edc-d373-49a4-9622-c1fb54c4f524-300x170.jpg 300w\" sizes=\"auto, (max-width: 630px) 100vw, 630px\"  title=\"dogunun-venediki-popup-40523edc-d373-49a4-9622-c1fb54c4f524\" alt=\"\" class=\"img-fluid\">\n                                                                                    <\/a>\n                                    <\/figure>\n                                <\/div>\n                            <\/div>\n                            <div class=\"col-sm-9\">\n                                                            <div class=\"category-top\">\n                                    <span class=\"fw-bold \"><\/span>                                                                        <span class=\"\">\n                                        <svg class=\"icon icon-secondary\">\n                                            <use xlink:href=\"https:\/\/iicistanbul.esteri.it\/wp-content\/themes\/sedi-tema\/assets\/svg\/sprites.svg#it-calendar\"><\/use>\n                                        <\/svg> Sab 25 Apr 2026                                    <\/span>\n                                                                    <\/div>\n                            <h5 class=\"card-title big-heading text-uppercase\"><a class=\"text-body text-decoration-none\" href=\"https:\/\/iicistanbul.esteri.it\/it\/gli_eventi\/calendario\/concerto-la-venezia-doriente\/\" title=\"Concerto: La Venezia d\u2019Oriente\">Concerto: La Venezia d\u2019Oriente<\/a><\/h5>\n                            <p class=\"card-text\">L\u2019Istituto Italiano di Cultura di Istanbul, in collaborazione con il Municipio di Kad\u0131k\u00f6y, \u00e8 lieto di presentare il concerto \u201cLa Venezia d\u2019Oriente\u201d, in programma il 25 aprile 2026 alle ore 20.00 presso Yelde\u011firmeni Sanat. Inserito nel ciclo dei \u201cConcerti del sabato\u201d, l\u2019evento propone un raffinato dialogo musicale tra l\u2019Europa del Rinascimento e del Barocco e [&hellip;]<\/p>\n                                <a title=\"Concerto: La Venezia d\u2019Oriente\" class=\"read-more\" href=\"https:\/\/iicistanbul.esteri.it\/it\/gli_eventi\/calendario\/concerto-la-venezia-doriente\/\">\n                                    <span class=\"text\">Leggi di pi\u00f9<\/span>\n                                    <svg class=\"icon\">\n                                    <use xlink:href=\"https:\/\/iicistanbul.esteri.it\/wp-content\/themes\/sedi-tema\/assets\/svg\/sprites.svg#it-arrow-right\"><\/use>\n                                    <\/svg>\n                                <\/a>\n                                                        <\/div>\n                                                    <\/div>\n                    <\/div>\n                <\/div>\n                <!--end card-->\n                <\/div><!-- col-12 .mt-3-->\n            \n            <div class=\"col-md-12 mt-4 pb-4\">\n                <nav class=\"navigation col-md-12\" aria-label=\"Navigation\">\n                    <h2 class=\"screen-reader-text visually-hidden\">Paginazione<\/h2>\n                    <div class=\"nav-links\">\n                                        <\/div>\n                <\/nav>\n            <\/div>   <!--.col-md-12 -->\n              <\/div><!--.row -->\n              \n","protected":false},"excerpt":{"rendered":"","protected":false},"author":1,"featured_media":0,"parent":0,"menu_order":6,"comment_status":"closed","ping_status":"closed","template":"","meta":{"footnotes":""},"class_list":["post-17","page","type-page","status-publish","hentry"],"_links":{"self":[{"href":"https:\/\/iicistanbul.esteri.it\/it\/wp-json\/wp\/v2\/pages\/17","targetHints":{"allow":["GET"]}}],"collection":[{"href":"https:\/\/iicistanbul.esteri.it\/it\/wp-json\/wp\/v2\/pages"}],"about":[{"href":"https:\/\/iicistanbul.esteri.it\/it\/wp-json\/wp\/v2\/types\/page"}],"author":[{"embeddable":true,"href":"https:\/\/iicistanbul.esteri.it\/it\/wp-json\/wp\/v2\/users\/1"}],"replies":[{"embeddable":true,"href":"https:\/\/iicistanbul.esteri.it\/it\/wp-json\/wp\/v2\/comments?post=17"}],"version-history":[{"count":0,"href":"https:\/\/iicistanbul.esteri.it\/it\/wp-json\/wp\/v2\/pages\/17\/revisions"}],"wp:attachment":[{"href":"https:\/\/iicistanbul.esteri.it\/it\/wp-json\/wp\/v2\/media?parent=17"}],"curies":[{"name":"wp","href":"https:\/\/api.w.org\/{rel}","templated":true}]}}