{"id":253,"date":"2023-06-26T12:42:07","date_gmt":"2023-06-26T09:42:07","guid":{"rendered":"https:\/\/iicistanbul.esteri.it\/?page_id=253"},"modified":"2024-08-12T11:09:41","modified_gmt":"2024-08-12T08:09:41","slug":"prenotazione-agli-eventi","status":"publish","type":"page","link":"https:\/\/iicistanbul.esteri.it\/it\/chi-siamo\/contatti\/prenotazione-agli-eventi\/","title":{"rendered":"Prenotazione agli eventi"},"content":{"rendered":"<p>Gentili ospiti, per partecipare alle attivit\u00e0 organizzate dall&#8217;Istituto Italiano di Cultura di Istanbul, vi chiediamo di prendere visione delle condizioni sotto indicate:<\/p>\n<ul>\n<li>Per partecipare alle attivit\u00e0 organizzate \u00e8 sempre<strong>\u00a0obbligatoria la prenotazione,\u00a0<\/strong>salvo i casi in cui specificato diversamente nella pagina dell&#8217;evento. Per effettuare la prenotazione, cliccare su un evento entrando nella relativa scheda e cliccare sul tasto &#8220;Registrati&#8221;.<\/li>\n<li>La prenotazione ha esito positivo quando viene inviata una email di conferma. La prenotazione potrebbe non avere esito positivo nel caso di posti esauriti,\u00a0all&#8217;annullamento dell&#8217;evento o altri motivi comunque indicati nella scheda dell&#8217;evento.<\/li>\n<li>Registrandosi all&#8217;evento, l&#8217;utente accetta le condizioni d&#8217;uso della piattaforma Eventbrite.\u00a0<a href=\"https:\/\/www.eventbrite.it\/support\/articles\/it\/Troubleshooting\/informativa-sulla-privacy-di-Eventbrite?lg=it\">Cliccare qui per leggere l&#8217;informativa sulla privacy.<\/a><\/li>\n<li>Le\u00a0prenotazioni vengono aperte\u00a0sette giorni prima della data dell&#8217;evento.<\/li>\n<li>Ogni utente pu\u00f2 effettuare una prenotazione (massimo\u00a0per due persone). Le prenotazioni multiple con lo stesso nome non sono consentite e verranno eliminate. Ogni ospite \u00e8 tenuto a mostrare il proprio documento d&#8217;identit\u00e0 all&#8217;ingresso.<\/li>\n<li>Le prenotazioni non sono trasferibili.<\/li>\n<li>I gentili ospiti sono pregati di annullare la prenotazione qualora non potessero partecipare all&#8217;evento.<\/li>\n<li>All&#8217;ingresso ci sar\u00e0 un controllo delle prenotazioni.<\/li>\n<li>L&#8217;IIC di Istanbul ha il diritto di negare l&#8217;accesso dei determinati ospiti all&#8217;area dell&#8217;evento.<\/li>\n<li>Durante l&#8217;evento ci possono essere le riprese fotografiche e video. Partecipando all&#8217;evento, l&#8217;ospite accetta e consente l&#8217;uso gratuito di questo materiale, in particolare l&#8217;uso sui nostri canali di social media, newsletter, sito Web, comunicazione interna e inoltro a terzi come i nostri sponsor.<\/li>\n<li>IIC Istanbul si riserva il diritto di cambiare la data e la locazione dell&#8217;evento.<\/li>\n<li>L&#8217;ingresso in sala \u00e8 possibile un&#8217;ora prima dell&#8217;inizio dell&#8217;evento. \u00c8 raccomandato arrivare almeno con 15 minuti di anticipo. Dopo l&#8217;inizio dell&#8217;evento, non sar\u00e0 consentito l\u2019ingresso in sala.<\/li>\n<\/ul>\n","protected":false},"excerpt":{"rendered":"Gentili ospiti, per partecipare alle attivit\u00e0 organizzate dall&#8217;Istituto Italiano di Cultura di Istanbul, vi chiediamo di prendere visione delle condizioni sotto indicate: Per partecipare alle attivit\u00e0 organizzate \u00e8 sempre\u00a0obbligatoria la prenotazione,\u00a0salvo i casi in cui specificato diversamente nella pagina dell&#8217;evento. Per effettuare la prenotazione, cliccare su un evento entrando nella relativa scheda e cliccare sul [&hellip;]","protected":false},"author":3,"featured_media":0,"parent":41,"menu_order":0,"comment_status":"closed","ping_status":"closed","template":"","meta":{"footnotes":""},"class_list":["post-253","page","type-page","status-publish","hentry"],"_links":{"self":[{"href":"https:\/\/iicistanbul.esteri.it\/it\/wp-json\/wp\/v2\/pages\/253","targetHints":{"allow":["GET"]}}],"collection":[{"href":"https:\/\/iicistanbul.esteri.it\/it\/wp-json\/wp\/v2\/pages"}],"about":[{"href":"https:\/\/iicistanbul.esteri.it\/it\/wp-json\/wp\/v2\/types\/page"}],"author":[{"embeddable":true,"href":"https:\/\/iicistanbul.esteri.it\/it\/wp-json\/wp\/v2\/users\/3"}],"replies":[{"embeddable":true,"href":"https:\/\/iicistanbul.esteri.it\/it\/wp-json\/wp\/v2\/comments?post=253"}],"version-history":[{"count":1,"href":"https:\/\/iicistanbul.esteri.it\/it\/wp-json\/wp\/v2\/pages\/253\/revisions"}],"predecessor-version":[{"id":5994,"href":"https:\/\/iicistanbul.esteri.it\/it\/wp-json\/wp\/v2\/pages\/253\/revisions\/5994"}],"up":[{"embeddable":true,"href":"https:\/\/iicistanbul.esteri.it\/it\/wp-json\/wp\/v2\/pages\/41"}],"wp:attachment":[{"href":"https:\/\/iicistanbul.esteri.it\/it\/wp-json\/wp\/v2\/media?parent=253"}],"curies":[{"name":"wp","href":"https:\/\/api.w.org\/{rel}","templated":true}]}}