{"id":41,"date":"2023-04-03T20:55:21","date_gmt":"2023-04-03T18:55:21","guid":{"rendered":"https:\/\/istitutobuenosaires.esteri.it\/?page_id=41"},"modified":"2025-04-16T15:00:16","modified_gmt":"2025-04-16T12:00:16","slug":"contatti","status":"publish","type":"page","link":"https:\/\/iicistanbul.esteri.it\/it\/chi-siamo\/contatti\/","title":{"rendered":"Contatti"},"content":{"rendered":"<p>Me\u015frutiyet Caddesi no:75<\/p>\n<p>Tepeba\u015f\u0131, Beyo\u011flu<br \/>\n34430 \u0130stanbul<br \/>\n<a href=\"mailto:iicistanbul@esteri.it\">iicistanbul@esteri.it<\/a><\/p>\n<p>Indirizzo PEC:\u00a0<a href=\"mailto:iic.istanbul@cert.esteri.it\">iic.istanbul@cert.esteri.it<\/a><br \/>\nL\u2019indirizzo \u00e8 abilitato esclusivamente alla ricezione di posta elettronica certificata (PEC).<br \/>\nNon riceve posta elettronica ordinaria.<\/p>\n<p>Tel: +90 (212) 293 98 48 (pbx)<\/p>\n<p><strong>\u00a0<\/strong><\/p>\n<ul>\n<li>\u00a0<strong>Orario Istituto:<\/strong><\/li>\n<\/ul>\n<p>dal luned\u00ec al gioved\u00ec:\u00a009:00 &#8211; 13:00 \/\u00a014:00 &#8211; 17:00<br \/>\nvenerd\u00ec:\u00a009:00\u00a0&#8211; 15:00<\/p>\n<p>&nbsp;<\/p>\n<p>Nel corso del 2025 L&#8217;Istituto Italiano di Cultura di Istanbul osserver\u00e0 le seguenti Festivit\u00e0:<\/p>\n<div class=\"responsive\">\n<table class=\"table table-bordered table-sm export-table\" width=\"667\">\n<tbody>\n<tr class=\"thead-light\">\n<td width=\"132\"><strong>Mercoled\u00ec<\/strong><\/td>\n<td width=\"132\"><strong>1 gennaio<\/strong><\/td>\n<td width=\"403\"><strong>CAPODANNO<\/strong><\/td>\n<\/tr>\n<tr>\n<td width=\"132\"><strong>Luned\u00ec<\/strong><\/td>\n<td width=\"132\"><strong>31 marzo<\/strong><\/td>\n<td width=\"403\"><strong>RAMADAN 2\u00b0 giorno<\/strong><\/td>\n<\/tr>\n<tr>\n<td width=\"132\"><strong>Marted\u00ec<\/strong><\/td>\n<td width=\"132\"><strong>1 aprile<\/strong><\/td>\n<td width=\"403\"><strong>RAMADAN 3\u00b0 giorno<\/strong><\/td>\n<\/tr>\n<tr>\n<td width=\"132\"><strong>Luned\u00ec<\/strong><\/td>\n<td width=\"132\"><strong>21 aprile<\/strong><\/td>\n<td width=\"403\"><strong>LUNED\u00cc DELL\u2019ANGELO<\/strong><\/td>\n<\/tr>\n<tr>\n<td width=\"132\"><strong>Gioved\u00ec<\/strong><\/td>\n<td width=\"132\"><strong>1 maggio<\/strong><\/td>\n<td width=\"403\"><strong>FESTA DEL LAVORO<\/strong><\/td>\n<\/tr>\n<tr>\n<td width=\"132\"><strong>Luned\u00ec<\/strong><\/td>\n<td width=\"132\"><strong>2 giugno<\/strong><\/td>\n<td width=\"403\"><strong>FESTA DELLA REPUBBLICA ITALIANA<\/strong><\/td>\n<\/tr>\n<tr>\n<td width=\"132\"><strong>Venerd\u00ec<\/strong><\/td>\n<td width=\"132\"><strong>6 giugno<\/strong><\/td>\n<td width=\"403\"><strong>FESTA DEL SACRIFICIO (KURBAN BAYRAM)<\/strong><\/td>\n<\/tr>\n<tr>\n<td width=\"132\"><strong>Venerd\u00ec<\/strong><\/td>\n<td width=\"132\"><strong>15 agosto<\/strong><\/td>\n<td width=\"403\"><strong>ASSUNZIONE DELLA B.V. MARIA<\/strong><\/td>\n<\/tr>\n<tr>\n<td width=\"132\"><strong>Mercoled\u00ec<\/strong><\/td>\n<td width=\"132\"><strong>29 ottobre<\/strong><\/td>\n<td width=\"403\"><strong>FESTA DELLA REPUBBLICA TURCA<\/strong><\/td>\n<\/tr>\n<tr>\n<td width=\"132\"><strong>Gioved\u00ec<\/strong><\/td>\n<td width=\"132\"><strong>25 dicembre<\/strong><\/td>\n<td width=\"403\"><strong>NATALE<\/strong><\/td>\n<\/tr>\n<tr>\n<td width=\"132\"><strong>Venerd\u00ec<\/strong><\/td>\n<td width=\"132\"><strong>26 dicembre<\/strong><\/td>\n<td width=\"403\"><strong>SANTO STEFANO<\/strong><\/td>\n<\/tr>\n<\/tbody>\n<\/table>\n<\/div>\n<p>&nbsp;<\/p>\n","protected":false},"excerpt":{"rendered":"Me\u015frutiyet Caddesi no:75 Tepeba\u015f\u0131, Beyo\u011flu 34430 \u0130stanbul iicistanbul@esteri.it Indirizzo PEC:\u00a0iic.istanbul@cert.esteri.it L\u2019indirizzo \u00e8 abilitato esclusivamente alla ricezione di posta elettronica certificata (PEC). Non riceve posta elettronica ordinaria. Tel: +90 (212) 293 98 48 (pbx) \u00a0 \u00a0Orario Istituto: dal luned\u00ec al gioved\u00ec:\u00a009:00 &#8211; 13:00 \/\u00a014:00 &#8211; 17:00 venerd\u00ec:\u00a009:00\u00a0&#8211; 15:00 &nbsp; Nel corso del 2025 L&#8217;Istituto Italiano di [&hellip;]","protected":false},"author":1,"featured_media":0,"parent":15,"menu_order":4,"comment_status":"closed","ping_status":"closed","template":"","meta":{"footnotes":""},"class_list":["post-41","page","type-page","status-publish","hentry"],"_links":{"self":[{"href":"https:\/\/iicistanbul.esteri.it\/it\/wp-json\/wp\/v2\/pages\/41","targetHints":{"allow":["GET"]}}],"collection":[{"href":"https:\/\/iicistanbul.esteri.it\/it\/wp-json\/wp\/v2\/pages"}],"about":[{"href":"https:\/\/iicistanbul.esteri.it\/it\/wp-json\/wp\/v2\/types\/page"}],"author":[{"embeddable":true,"href":"https:\/\/iicistanbul.esteri.it\/it\/wp-json\/wp\/v2\/users\/1"}],"replies":[{"embeddable":true,"href":"https:\/\/iicistanbul.esteri.it\/it\/wp-json\/wp\/v2\/comments?post=41"}],"version-history":[{"count":5,"href":"https:\/\/iicistanbul.esteri.it\/it\/wp-json\/wp\/v2\/pages\/41\/revisions"}],"predecessor-version":[{"id":16423,"href":"https:\/\/iicistanbul.esteri.it\/it\/wp-json\/wp\/v2\/pages\/41\/revisions\/16423"}],"up":[{"embeddable":true,"href":"https:\/\/iicistanbul.esteri.it\/it\/wp-json\/wp\/v2\/pages\/15"}],"wp:attachment":[{"href":"https:\/\/iicistanbul.esteri.it\/it\/wp-json\/wp\/v2\/media?parent=41"}],"curies":[{"name":"wp","href":"https:\/\/api.w.org\/{rel}","templated":true}]}}