{"id":42,"date":"2023-04-03T20:55:37","date_gmt":"2023-04-03T18:55:37","guid":{"rendered":"https:\/\/istitutobuenosaires.esteri.it\/?page_id=42"},"modified":"2026-04-02T16:18:13","modified_gmt":"2026-04-02T13:18:13","slug":"i-corsi-di-lingua","status":"publish","type":"page","link":"https:\/\/iicistanbul.esteri.it\/it\/lingua-e-cultura\/i-corsi-di-lingua\/","title":{"rendered":"I corsi di lingua"},"content":{"rendered":"<article id=\"articolo_centro\" class=\"col-md-15 col-sm-15 padding_articolo item-page\" role=\"main\" aria-label=\"articolo\">\n<div>\n<p><img loading=\"lazy\" decoding=\"async\" class=\"alignnone size-medium wp-image-4616 img-fluid\" src=\"https:\/\/iicistanbul.esteri.it\/wp-content\/uploads\/2023\/08\/picture1-300x58.png\" alt=\"\" width=\"300\" height=\"58\" srcset=\"https:\/\/iicistanbul.esteri.it\/wp-content\/uploads\/2023\/08\/picture1-300x58.png 300w, https:\/\/iicistanbul.esteri.it\/wp-content\/uploads\/2023\/08\/picture1.png 396w\" sizes=\"auto, (max-width: 300px) 100vw, 300px\" \/><\/p>\n<p style=\"text-align: justify;\">L\u2019Universit\u00e0 per Stranieri di Siena, in collaborazione con l&#8217;Istituto Italiano di Cultura di Istanbul, grazie a una convenzione, propone corsi di lingua italiana sincroni a distanza, denominati \u201cCLID TURCHIA\u201d, impartititi da insegnanti di madrelingua italiana dell\u2019Universit\u00e0 per Stranieri di Siena, e destinati <u>esclusivamente a tutti i residenti in Turchia<\/u>.<\/p>\n<\/div>\n<p style=\"text-align: justify;\">I corsi sono organizzati secondo i livelli del <em>Quadro Europeo di riferimento per le lingue (QCER)<\/em>, livello A1, A2, B1, B2, C1, C2. Lo studente in un trimestre pu\u00f2 seguire un unico livello.<\/p>\n<p style=\"text-align: justify;\">Al temine di ogni corso trimestrale viene rilasciato dietro richiesta un attestato di frequenza in carta libera con l\u2019acquisizione di CFU (crediti formativi universitari) a condizione che lo studente abbia partecipato ad almeno all&#8217;80% delle ore sincrone e asincrone e che abbia superato l\u2019esame di fine corso. L\u2019attestato di frequenza non costituisce, in nessun caso, certificazione ufficiale di conoscenza della lingua italiana.<\/p>\n<p style=\"text-align: justify;\">I corsi trimestrali <em>CLID Turchia<\/em> sono organizzati con lezioni sincrone su Zoom Pro Education e lezioni asincrone in autoapprendimento su piattaforma MOODLE come segue:<\/p>\n<table style=\"height: 357px;\" width=\"1064\">\n<tbody>\n<tr>\n<td width=\"236\"><em>Livello<\/em><\/td>\n<td width=\"406\"><strong>A1 &#8211; A2 &#8211; B1 &#8211; B2<\/strong><\/td>\n<\/tr>\n<tr>\n<td width=\"236\"><em>Costo<\/em><\/td>\n<td width=\"406\"><strong>366,00 Euro<\/strong><\/td>\n<\/tr>\n<tr>\n<td width=\"236\"><em>Orario<\/em><\/td>\n<td width=\"406\"><strong>luned\u00ec, marted\u00ec e mercoled\u00ec <\/strong>(3 incontri a settimana) <strong><br \/>\n<\/strong><strong>dalle ore 18.30 alle ore 21.00<\/strong>\u00a0(ore turche), per un totale di 2h30 ad incontro, comprensive di 15 minuti di pausa<\/td>\n<\/tr>\n<tr>\n<td width=\"236\"><em>Durata<\/em><\/td>\n<td width=\"406\">90 ore di lezioni sincrone (30 per ogni mese\/sessione, 3 giorni a settimana) + 30 ore asincrone di attivit\u00e0 integrative obbligatorie, per la durata complessiva di 120 ore in tre mesi<\/td>\n<\/tr>\n<tr>\n<td width=\"236\"><em>Crediti formativi universitari<\/em><\/td>\n<td width=\"406\">4 CFU<\/td>\n<\/tr>\n<tr>\n<td width=\"236\"><em>Numero partecipanti per classe<\/em><\/td>\n<td width=\"406\">minimo 10 &#8211; massimo 18 studenti<\/td>\n<\/tr>\n<\/tbody>\n<\/table>\n<\/article>\n<div><\/div>\n<div><\/div>\n<div><\/div>\n<article id=\"articolo_centro\" class=\"col-md-15 col-sm-15 padding_articolo item-page\" role=\"main\" aria-label=\"articolo\">\n<div>\n<table style=\"height: 400px;\" width=\"1064\">\n<tbody>\n<tr>\n<td width=\"236\"><em>Livello<\/em><\/td>\n<td width=\"406\"><strong>C1 &#8211; C2<\/strong><\/td>\n<\/tr>\n<tr>\n<td width=\"236\"><em>Costo<\/em><\/td>\n<td width=\"406\"><strong>326,00 Euro<\/strong><\/td>\n<\/tr>\n<tr>\n<td width=\"236\"><em>Orario<\/em><\/td>\n<td width=\"406\"><strong>mercoled\u00ec e gioved\u00ec <\/strong>(2 incontri a settimana)<strong><br \/>\ndalle ore 18.30 alle ore 21.00<\/strong>\u00a0(ore turche), per un totale di 2h30 ad incontro, comprensive di 15 minuti di pausa<\/td>\n<\/tr>\n<tr>\n<td width=\"236\"><em>Durata<\/em><\/td>\n<td width=\"406\">48 ore di lezioni ordinarie sincrone (16 per ogni mese\/sessione, 2 giorni a settimana) + 48 ore asincrone di attivit\u00e0 integrative obbligatorie, per la durata complessiva di 96 ore in tre mesi<\/td>\n<\/tr>\n<tr>\n<td width=\"236\"><em>Crediti formativi universitari<\/em><\/td>\n<td width=\"406\">3 CFU<\/td>\n<\/tr>\n<tr>\n<td width=\"236\"><em>Numero partecipanti per classe<\/em><\/td>\n<td width=\"406\">minimo 6 &#8211; massimo 10 studenti<\/td>\n<\/tr>\n<\/tbody>\n<\/table>\n<p style=\"text-align: justify;\"><strong>Il costo di iscrizione \u00e8 <\/strong>comprensivo di Euro 16,00 (imposta di bollo italiana), che NON E\u2019 IN ALCUN MODO RIMBORSABILE. Il costo comprende: l\u2019erogazione delle ore di lezione sincrone a distanza su Zoom e le ore di attivit\u00e0 asincrone su Moodle, il test di ingresso, il test finale, l\u2019attestato di frequenza del corso a richiesta dello studente, il materiale didattico su piattaforma Moodle che viene predisposto dall\u2019Universit\u00e0 stessa, l\u2019accesso alle piattaforme utilizzate.<\/p>\n<p style=\"text-align: justify;\">Il costo di iscrizione NON comprende il libro per il corso, che deve essere acquistato dallo studente separatamente all\u2019inizio dei corsi.<\/p>\n<p style=\"text-align: justify;\"><strong>NB. <\/strong>La tariffa di sopra \u00e8 destinata <span style=\"text-decoration: underline;\">SOLO agli studenti residenti in Turchia<\/span>. Non saranno accettate le iscrizioni degli studenti non residenti in Turchia.<\/p>\n<\/div>\n<div>\n<p>&nbsp;<\/p>\n<p><strong>CALENDARIO DEI CORSI SINCRONI CLID TURCHIA<\/strong><\/p>\n<p><img loading=\"lazy\" decoding=\"async\" class=\"alignnone wp-image-13083 img-fluid\" src=\"https:\/\/iicistanbul.esteri.it\/wp-content\/uploads\/2024\/06\/clid-it-300x131.jpg\" alt=\"\" width=\"1067\" height=\"466\" srcset=\"https:\/\/iicistanbul.esteri.it\/wp-content\/uploads\/2024\/06\/clid-it-300x131.jpg 300w, https:\/\/iicistanbul.esteri.it\/wp-content\/uploads\/2024\/06\/clid-it-1024x446.jpg 1024w, https:\/\/iicistanbul.esteri.it\/wp-content\/uploads\/2024\/06\/clid-it-768x334.jpg 768w\" sizes=\"auto, (max-width: 1067px) 100vw, 1067px\" \/><\/p>\n<p style=\"text-align: justify;\"><strong>N.B.<\/strong> Il calendario tiene conto di alcuni giorni di festivit\u00e0 italiane e turche in cui non si tengono le lezioni.<br \/>\nNon sono previste lezioni nei periodi 09-19\/08\/2025, 08-18\/08\/2026 e 08-18\/08\/2027.<\/p>\n<p>&nbsp;<\/p>\n<p><strong>MODALITA D&#8217;ISCRIZIONE<br \/>\n<\/strong>L\u2019iscrizione ai corsi CLID TURCHIA viene effettuata esclusivamente per via telematica, in linea con le indicazioni del calendario dei corsi sopra indicato e con le seguenti modalit\u00e0:<\/p>\n<p style=\"text-align: justify;\"><strong>1.<\/strong> Lo studente deve eseguire una preiscrizione presso l\u2019Istituto Italiano di Cultura di Istanbul entro le date stabilite dal calendario dei corsi (vedi calendario), compilando il modulo online che trover\u00e0 al seguente link: <strong><a href=\"https:\/\/docs.google.com\/forms\/d\/e\/1FAIpQLSeMK40zUsvONNvMUqV4PvunBbWQUOGMaWotblVFAM2gsbJV4g\/viewform\">https:\/\/docs.google.com\/forms<\/a><\/strong><\/p>\n<p style=\"text-align: justify;\"><strong>2.<\/strong> Al termine della data di preiscrizione (vedi calendario), la Segreteria Studenti dell\u2019Universit\u00e0 per Stranieri di Siena invia ai preiscritti una e-mail contenente tutte le indicazioni, le istruzioni ed i link necessarie per effettuare il pagamento del costo di iscrizione al corso (attraverso il portale PagoPA, PayPal o carta di credito) ed il link per compilare il modulo di iscrizione definitiva online, al quale dovr\u00e0 allegare la scansione in formato PDF di un documento di riconoscimento (carta d\u2019identit\u00e0 o passaporto) e la copia della ricevuta dell\u2019avvenuto pagamento <u>entro e non oltre la data di \u201cScadenza Pagamento\u201d<\/u> (vedi calendario dei corsi sopra indicato).<\/p>\n<p style=\"text-align: justify;\">Gli studenti che conoscono gi\u00e0 l\u2019italiano inoltre riceveranno un link per effettuare un test di livello.<\/p>\n<\/div>\n<p style=\"text-align: justify;\"><strong>N.B. <\/strong>Nel caso di mancato pagamento e mancata compilazione del modulo di iscrizione definitiva <u>entro la data di scadenza<\/u> fissata (vedi punto 2 della modalit\u00e0 di iscrizione), la preiscrizione viene automaticamente annullata.<\/p>\n<div>\n<p>&nbsp;<\/p>\n<p style=\"text-align: justify;\"><strong>MODALIT\u00c0 DI RECESSO<br \/>\n<\/strong>Lo studente potr\u00e0 recedere dall\u2019iscrizione e richiedere il rimborso dell\u2019importo pagato detratti i 16,00 Euro di bollo virtuale (l\u2019imposta di bollo italiana di Euro 16,00 NON \u00e8 rimborsabile) entro e non oltre 14 giorni dalla data del pagamento della quota di iscrizione, inviando una e-mail di richiesta all\u2019Universit\u00e0 per Stranieri di Siena al seguente indirizzo\u00a0<a href=\"mailto:segrstud@unistrasi.it\">segrstud@unistrasi.it<\/a>.<\/p>\n<p style=\"text-align: justify;\">L\u2019importo al netto delle spese bancarie verr\u00e0 restituito dall\u2019Universit\u00e0 entro 60 giorni sul conto corrente bancario intestato allo studente. In caso di studenti minori di 18 anni, la richiesta di rimborso dovr\u00e0 essere effettuata dal genitore che ha effettuato il pagamento. L\u2019importo al netto delle spese bancarie verr\u00e0 restituito dall\u2019Universit\u00e0 entro 60 giorni sul conto corrente bancario intestato al genitore dello studente stesso.<\/p>\n<p style=\"text-align: justify;\">ATTENZIONE: trascorsi 14 giorni dalla data del pagamento del costo del corso, lo studente decade dal diritto di richiedere la restituzione dell\u2019importo di cui sopra, versato per partecipare al corso.<\/p>\n<p>&nbsp;<\/p>\n<p style=\"text-align: justify;\"><strong>MATERIALI DIDATTICI UTILIZZATI<br \/>\n<\/strong><\/p>\n<p>Manuale<\/p>\n<p>Livelli da A1 a B2:<\/p>\n<p>Collana DIECI, Alma Edizioni, Firenze. Disponibile anche l\u2019e-book (<a href=\"https:\/\/www.almaedizioni.it\/it\/minisiti\/nuovo-espresso\/\">www.almaedizioni.it<\/a>,\u00a0<a href=\"https:\/\/www.amazon.com.tr\/s?k=Alma+Edizioni+Nuovo+Espresso\">amazon.com.tr<\/a>), materiale non incluso nel costo del corso. Lo studente deve munirsi del manuale prima dell\u2019inizio del corso.<\/p>\n<p>&nbsp;<\/p>\n<p>Livelli C1, C2:<\/p>\n<p>Collana Nuovo Espresso, Alma Edizioni, Firenze. Disponibile anche l\u2019e-book (<a href=\"https:\/\/www.almaedizioni.it\/catalogo\/dieci\/\">www.almaedizioni.it<\/a>,\u00a0<a href=\"https:\/\/www.amazon.com.tr\/s?k=alma+edizioni+dieci\">amazon.com.tr<\/a>), materiale non incluso nel costo del corso. Lo studente deve munirsi del manuale prima dell\u2019inizio del corso.<\/p>\n<p>&nbsp;<\/p>\n<p style=\"text-align: justify;\"><strong>REQUISITI TECNICI<\/strong><br \/>\n\u25cf I corsi sono fruibili preferibilmente da PC, notebook, tablet<br \/>\n\u25cf Necessaria una connessione stabile a Internet<br \/>\n\u25cf I corsi sono erogati su piattaforma Zoom Pro Education per le lezioni sincrone e su piattaforma Moodle per le lezioni in autoapprendimento.<\/p>\n<p>&nbsp;<\/p>\n<p style=\"text-align: justify;\"><strong>TRATTAMENTO DEI DATI<br \/>\n<\/strong>L&#8217;Istituto Italiano di Cultura di Istanbul e l&#8217;Universit\u00e0 per Stranieri di Siena svolgono le loro attivit\u00e0 in conformit\u00e0 al &#8220;Regolamento generale sulla protezione dei dati&#8221; n. 2016\/679 (GDPR) adottato dal Parlamento Europeo e dal Consiglio del 27 aprile 2016 ed alla legge turca sulla Protezione dei dati personali n. 6698 (KVKK). I dati trattati saranno conservati nel rispetto dei principi e delle procedure indicati dal GDPR e dal KVKK.<\/p>\n<p>&nbsp;<\/p>\n<p><strong>DESCRIZIONE DEI CORSI<\/strong><\/p>\n<table class=\"table\">\n<tbody>\n<tr>\n<td><em><span lang=\"TR\">Livello<\/span><\/em><\/td>\n<td><em><span lang=\"TR\">Descrizione dei contenuti per livello<\/span><\/em><\/td>\n<td><em><span lang=\"TR\">Tipologie di attivit\u00e0 e compiti<\/span><\/em><\/td>\n<\/tr>\n<tr>\n<td><span lang=\"TR\">A1<\/span><\/td>\n<td style=\"text-align: justify;\"><span lang=\"TR\">Obiettivo del corso \u00e8 sviluppare abilit\u00e0 e competenze di base che riguardano il dominio personale e interpersonale nelle situazioni comunicative pi\u00f9 comuni: espressioni di uso quotidiano per soddisfare bisogni minimi, quali presentarsi, fornire i propri recapiti, chiedere e dare informazioni. Gli apprendenti vengono guidati all\u2019apprendimento e all\u2019uso delle strutture grammaticali, fonetiche e lessicali di base. Si privilegiano le abilit\u00e0 orali.<\/span><\/td>\n<td rowspan=\"6\" valign=\"top\"><span lang=\"TR\">Agli studenti \u00e8 richiesto di svolgere attivit\u00e0 e compiti di diverso tipo, tra i quali:<\/span><\/p>\n<p>\u25cfAttivit\u00e0 di riflessione grammaticale<br \/>\n\u25cfEsercizi grammaticali<br \/>\n\u25cfAttivit\u00e0 di produzione scritta e orale<br \/>\n\u25cfRiassumere e presentare informazioni<br \/>\n\u25cfBrevi presentazioni in Power Point<br \/>\n\u25cfAttivit\u00e0 collaborative<br \/>\n\u25cfDiscussioni e dibattiti su argomenti di attualit\u00e0<br \/>\n\u25cfPiccoli progetti da realizzare<span lang=\"TR\"><br \/>\n<\/span><\/td>\n<\/tr>\n<tr>\n<td><span lang=\"TR\">A2<\/span><\/td>\n<td style=\"text-align: justify;\"><span lang=\"TR\">Obiettivo del corso \u00e8 sviluppare abilit\u00e0 per socializzare in modo semplice, ma efficace tramite l\u2019uso di espressioni comuni, in situazioni informali e formali: descrivere attivit\u00e0 abituali in situazioni familiari e comuni,\u00a0 interagire in situazioni formali, scrivere una mail, invitare qualcuno a fare qualcosa ecc. Si amplia il repertorio delle situazioni comunicative (e il relativo vocabolario)\u00a0 in cui l\u2019apprendente pu\u00f2 trovarsi a interagire.\u00a0 Inoltre, vengono introdotte le strutture linguistiche e testuali per riferirsi a eventi del passato. Si privilegiano le abilit\u00e0 orali.<\/span><\/td>\n<\/tr>\n<tr>\n<td><span lang=\"TR\">B1<\/span><\/td>\n<td style=\"text-align: justify;\"><span lang=\"TR\">Obiettivo del corso \u00e8 sviluppare le competenze e le abilit\u00e0 per comprendere e parlare con maggiore fluenza di argomenti familiari che possono riguardare la sfera pubblica, la formazione, il tempo libero, il lavoro. Vengono introdotti gli strumenti linguistici per narrare esperienze e avvenimenti del passato, esprimere sogni, speranze e ambizioni, esprimere le proprie opinioni e descrivere progetti per il futuro.\u00a0Si privilegiano le abilit\u00e0 orali e la gestione di testi scritti.<\/span><\/td>\n<\/tr>\n<tr>\n<td><span lang=\"TR\">B2<\/span><\/td>\n<td style=\"text-align: justify;\"><span lang=\"TR\">Obiettivo del corso \u00e8 sviluppare le competenze per comprendere e parlare di una vasta gamma di argomenti, per interagire su temi relativi ai propri ambiti di interesse di studio o lavoro: gestire testi di diversa provenienza, commentare dati statistici, inquadrare eventi nel passato, sviluppare argomentazioni. Vengono forniti gli strumenti per esprimere opinioni personali e i pro e i contro di una tesi. Ampio spazio \u00e8 riservato alla produzione scritta.<\/span><\/td>\n<\/tr>\n<tr>\n<td><span lang=\"TR\">C1<\/span><\/td>\n<td style=\"text-align: justify;\"><span lang=\"TR\">Obiettivo del corso \u00e8 sviluppare le competenze per comprendere e parlare di un&#8217;ampia gamma di testi complessi e lunghi e riconoscere il significato implicito. Vengono forniti gli strumenti per usare la lingua per scopi sociali, professionali e accademici. Vengono sviluppate le competenze necessarie per comprendere un ampio repertorio di variet\u00e0 linguistiche: oltre all\u2019italiano comune, anche i registri pi\u00f9 colloquiali e letterari.\u00a0 Si amplia il repertorio dei generi testuali e si sviluppano in modo equilibrato le abilit\u00e0 scritte e orali.<\/span><\/td>\n<\/tr>\n<tr>\n<td><span lang=\"TR\">C2<\/span><\/td>\n<td style=\"text-align: justify;\"><span lang=\"TR\">Obiettivo del corso \u00e8 sviluppare il repertorio dei linguaggi specialistici tra cui il linguaggio della scienza e della critica letteraria, il linguaggio giuridico e medico. Si sviluppano le competenze per svolgere compiti linguisticamente complessi come prendere appunti, riassumere informazioni provenienti da fonti sia parlate che scritte, ristrutturare le informazioni in presentazioni coerenti ecc. Si sviluppano in modo equilibrato le abilit\u00e0 scritte e orali.<\/span><\/td>\n<\/tr>\n<\/tbody>\n<\/table>\n<p>&nbsp;<\/p>\n<p><strong>Organizzazione dei corsi, livelli previsti, costi<br \/>\n<\/strong><\/p>\n<table class=\"table\" border=\"1\" align=\"center\">\n<tbody>\n<tr>\n<td><em>Livello<\/em><\/td>\n<td><em>Numero ore sincrone, primo mese di corso<\/em><\/td>\n<td><em>Numero ore sincrone, secondo mese di corso<\/em><\/td>\n<td><em>Numero ore sincrone, terzo mese di corso<\/em><\/td>\n<td><em>Attivit\u00e0 asincrone su Moodle per tutto il corso<\/em><\/td>\n<td><em>Totale ore (sincrone e asincrone)<\/em><\/td>\n<td><em>Totale costo trimestrale<\/em><\/td>\n<\/tr>\n<tr>\n<td>A1<\/td>\n<td>\u00a0A1.1 30 ore<\/td>\n<td>\u00a0A1.2 30 ore<\/td>\n<td>\u00a0A1.3 30 ore<\/td>\n<td>\u00a030 ore<\/td>\n<td>\u00a0120<\/td>\n<td>\u20ac 366<\/td>\n<\/tr>\n<tr>\n<td>A2<\/td>\n<td>\u00a0A2.1 30 ore<\/td>\n<td>\u00a0A2.2 30 ore<\/td>\n<td>\u00a0A2.3 30 ore<\/td>\n<td>\u00a030 ore<\/td>\n<td>\u00a0120<\/td>\n<td>\u20ac 366<\/td>\n<\/tr>\n<tr>\n<td>B1<\/td>\n<td>\u00a0B1.1 30 ore<\/td>\n<td>\u00a0B1.2 30 ore<\/td>\n<td>\u00a0B1.3 30 ore<\/td>\n<td>\u00a030 ore<\/td>\n<td>\u00a0120<\/td>\n<td>\u20ac 366<\/td>\n<\/tr>\n<tr>\n<td>B2<\/td>\n<td>\u00a0B2.1 30 ore<\/td>\n<td>\u00a0B2.2 30 ore<\/td>\n<td>\u00a0B2.3 30 ore<\/td>\n<td>\u00a030 ore<\/td>\n<td>\u00a0120<\/td>\n<td>\u20ac 366<\/td>\n<\/tr>\n<tr>\n<td>C1<\/td>\n<td>\u00a0C1.1 16 ore<\/td>\n<td>\u00a0C1.2 16 ore<\/td>\n<td>\u00a0C1.3 16 ore<\/td>\n<td>\u00a048 ore<\/td>\n<td>\u00a096<\/td>\n<td>\u20ac 326<\/td>\n<\/tr>\n<tr>\n<td>C2<\/td>\n<td>\u00a0C2.1 16 ore<\/td>\n<td>\u00a0C2.2 16 ore<\/td>\n<td>\u00a0C2.3 16 ore<\/td>\n<td>\u00a048 ore<\/td>\n<td>\u00a096<\/td>\n<td>\u20ac 326<\/td>\n<\/tr>\n<\/tbody>\n<\/table>\n<\/div>\n<\/article>\n<aside id=\"articolo_dx\" class=\"col-md-4 col-sm-4 col-xs-24\" role=\"complementary\" aria-label=\"approfondimenti\"><\/aside>\n<p>&nbsp;<\/p>\n","protected":false},"excerpt":{"rendered":"L\u2019Universit\u00e0 per Stranieri di Siena, in collaborazione con l&#8217;Istituto Italiano di Cultura di Istanbul, grazie a una convenzione, propone corsi di lingua italiana sincroni a distanza, denominati \u201cCLID TURCHIA\u201d, impartititi da insegnanti di madrelingua italiana dell\u2019Universit\u00e0 per Stranieri di Siena, e destinati esclusivamente a tutti i residenti in Turchia. I corsi sono organizzati secondo i [&hellip;]","protected":false},"author":1,"featured_media":0,"parent":16,"menu_order":0,"comment_status":"closed","ping_status":"closed","template":"","meta":{"footnotes":""},"class_list":["post-42","page","type-page","status-publish","hentry"],"_links":{"self":[{"href":"https:\/\/iicistanbul.esteri.it\/it\/wp-json\/wp\/v2\/pages\/42","targetHints":{"allow":["GET"]}}],"collection":[{"href":"https:\/\/iicistanbul.esteri.it\/it\/wp-json\/wp\/v2\/pages"}],"about":[{"href":"https:\/\/iicistanbul.esteri.it\/it\/wp-json\/wp\/v2\/types\/page"}],"author":[{"embeddable":true,"href":"https:\/\/iicistanbul.esteri.it\/it\/wp-json\/wp\/v2\/users\/1"}],"replies":[{"embeddable":true,"href":"https:\/\/iicistanbul.esteri.it\/it\/wp-json\/wp\/v2\/comments?post=42"}],"version-history":[{"count":6,"href":"https:\/\/iicistanbul.esteri.it\/it\/wp-json\/wp\/v2\/pages\/42\/revisions"}],"predecessor-version":[{"id":18760,"href":"https:\/\/iicistanbul.esteri.it\/it\/wp-json\/wp\/v2\/pages\/42\/revisions\/18760"}],"up":[{"embeddable":true,"href":"https:\/\/iicistanbul.esteri.it\/it\/wp-json\/wp\/v2\/pages\/16"}],"wp:attachment":[{"href":"https:\/\/iicistanbul.esteri.it\/it\/wp-json\/wp\/v2\/media?parent=42"}],"curies":[{"name":"wp","href":"https:\/\/api.w.org\/{rel}","templated":true}]}}