{"id":101,"date":"2023-04-03T20:29:59","date_gmt":"2023-04-03T17:29:59","guid":{"rendered":"https:\/\/iicistanbul.esteri.it\/chi-siamo\/"},"modified":"2024-11-21T11:54:43","modified_gmt":"2024-11-21T08:54:43","slug":"chi-siamo","status":"publish","type":"page","link":"https:\/\/iicistanbul.esteri.it\/tr\/chi-siamo\/","title":{"rendered":"Hakk\u0131m\u0131zda"},"content":{"rendered":"<p>\u0130stanbul \u0130talyan K\u00fclt\u00fcr Merkezi, D\u0131\u015fi\u015fleri Bakanl\u0131\u011f\u0131n\u0131n k\u00fclt\u00fcr ofisidir. \u0130stanbul \u0130talyan K\u00fclt\u00fcr Merkezi kendi\u00a0<a href=\"https:\/\/iicistanbul.esteri.it\/iic_istanbul\/tr\/istituto\/chi_siamo\/area_di_competenza\/\">sorumluluk alan\u0131na\u00a0<\/a> giren b\u00f6lgelerde sergi, konser, film g\u00f6sterimi, konferans, kitap tan\u0131t\u0131m\u0131, yuvarlak masa, \u015fiir okuma g\u00fcnleri gibi de\u011fi\u015fik etkinlikler d\u00fczenleyerek \u00e7al\u0131\u015fmalar\u0131n\u0131 s\u00fcrd\u00fcr\u00fcr.<\/p>\n<p><span class=\"titoloRosso\">Aktiviteler<\/span><br \/>\n\u0130stanbul \u0130talyan K\u00fclt\u00fcr Merkezi geni\u015f ve zengin bir\u00a0<a href=\"https:\/\/iicistanbul.esteri.it\/iic_istanbul\/tr\/gli_eventi\/\">aktivite program\u0131<\/a>\u00a0ger\u00e7ekle\u015ftirmektedir: Arkeolojiden restorasyona ve g\u00f6rsel sanatlara, mimarinden tasar\u0131ma ve\u00a0foto\u011fraf\u00e7\u0131l\u0131\u011fa, sinema ve tiyatrodan m\u00fczi\u011fe, dil ve edebiyattan yay\u0131mc\u0131l\u0131\u011fa, sosyolojiden tarihe, bilimden felsefeye son derece geni\u015f bir yelpazede faaliyetler d\u00fczenlemektedir.<\/p>\n<p><span class=\"titoloRosso\">Hizmetler<\/span><br \/>\n\u0130stanbul \u0130talyan K\u00fclt\u00fcr Merkezi halka a\u015fa\u011f\u0131daki hizmetleri sunar:<br \/>\n\u2022 donan\u0131ml\u0131 e\u011fitmenler taraf\u0131ndan verilen\u00a0\u00a0<a href=\"https:\/\/iicistanbul.esteri.it\/iic_istanbul\/tr\/imparare_italiano\/i-corsi-di-lingua\/corsi-clid-turchia.html\">italyanca yabanc\u0131 dil ve italyan k\u00fclt\u00fcr\u00fc kurslar\u0131<\/a><br \/>\n\u2022 i\u00e7inde 12.500 adet kaynak i\u00e7eren kurs \u00f6\u011frencileri ve k\u00fct\u00fcphane \u00fcyelerinin kitap, cd, dvd, italyan dergi ve gazetelerini \u00f6d\u00fcn\u00e7 alabilece\u011fi ve dan\u0131\u015fmanl\u0131k sa\u011flayan\u00a0<a href=\"https:\/\/iicistanbul.esteri.it\/iic_istanbul\/tr\/biblioteca%20e%20links\">zengin bir k\u00fct\u00fcphane<\/a><br \/>\n\u2022\u00a0k\u00fclt\u00fcrel alanda \u0130talya hakk\u0131nda dan\u0131\u015fmanl\u0131k ve kaynak hizmeti<\/p>\n<p><strong><span class=\"titoloRosso\">K\u00fclt\u00fcr Merkezi aktif olarak a\u015fa\u011f\u0131daki festivallere kat\u0131lmaktad\u0131r:<\/span><br \/>\n<\/strong>\u2022 \u0130stanbul Bienali<br \/>\n\u2022\u00a0Uluslararas\u0131\u00a0Film Festivali<br \/>\n\u2022\u00a0Uluslararas\u0131 Tiyatro Festivali<br \/>\n\u2022 Uluslararas\u0131 M\u00fczik Festivali<br \/>\n\u2022 Uluslararas\u0131 Kukla Festivali<br \/>\n\u2022 \u0130\u015f\u00e7i Filmleri Festivali<\/p>\n","protected":false},"excerpt":{"rendered":"\u0130stanbul \u0130talyan K\u00fclt\u00fcr Merkezi, D\u0131\u015fi\u015fleri Bakanl\u0131\u011f\u0131n\u0131n k\u00fclt\u00fcr ofisidir. \u0130stanbul \u0130talyan K\u00fclt\u00fcr Merkezi kendi\u00a0sorumluluk alan\u0131na\u00a0 giren b\u00f6lgelerde sergi, konser, film g\u00f6sterimi, konferans, kitap tan\u0131t\u0131m\u0131, yuvarlak masa, \u015fiir okuma g\u00fcnleri gibi de\u011fi\u015fik etkinlikler d\u00fczenleyerek \u00e7al\u0131\u015fmalar\u0131n\u0131 s\u00fcrd\u00fcr\u00fcr. Aktiviteler \u0130stanbul \u0130talyan K\u00fclt\u00fcr Merkezi geni\u015f ve zengin bir\u00a0aktivite program\u0131\u00a0ger\u00e7ekle\u015ftirmektedir: Arkeolojiden restorasyona ve g\u00f6rsel sanatlara, mimarinden tasar\u0131ma ve\u00a0foto\u011fraf\u00e7\u0131l\u0131\u011fa, sinema ve tiyatrodan [&hellip;]","protected":false},"author":1,"featured_media":0,"parent":0,"menu_order":2,"comment_status":"closed","ping_status":"closed","template":"","meta":{"footnotes":""},"class_list":["post-101","page","type-page","status-publish","hentry"],"_links":{"self":[{"href":"https:\/\/iicistanbul.esteri.it\/tr\/wp-json\/wp\/v2\/pages\/101","targetHints":{"allow":["GET"]}}],"collection":[{"href":"https:\/\/iicistanbul.esteri.it\/tr\/wp-json\/wp\/v2\/pages"}],"about":[{"href":"https:\/\/iicistanbul.esteri.it\/tr\/wp-json\/wp\/v2\/types\/page"}],"author":[{"embeddable":true,"href":"https:\/\/iicistanbul.esteri.it\/tr\/wp-json\/wp\/v2\/users\/1"}],"replies":[{"embeddable":true,"href":"https:\/\/iicistanbul.esteri.it\/tr\/wp-json\/wp\/v2\/comments?post=101"}],"version-history":[{"count":1,"href":"https:\/\/iicistanbul.esteri.it\/tr\/wp-json\/wp\/v2\/pages\/101\/revisions"}],"predecessor-version":[{"id":15079,"href":"https:\/\/iicistanbul.esteri.it\/tr\/wp-json\/wp\/v2\/pages\/101\/revisions\/15079"}],"wp:attachment":[{"href":"https:\/\/iicistanbul.esteri.it\/tr\/wp-json\/wp\/v2\/media?parent=101"}],"curies":[{"name":"wp","href":"https:\/\/api.w.org\/{rel}","templated":true}]}}