{"id":102,"date":"2023-04-03T20:30:34","date_gmt":"2023-04-03T17:30:34","guid":{"rendered":"https:\/\/iicistanbul.esteri.it\/lingua-e-cultura\/"},"modified":"2024-11-21T11:52:42","modified_gmt":"2024-11-21T08:52:42","slug":"lingua-e-cultura","status":"publish","type":"page","link":"https:\/\/iicistanbul.esteri.it\/tr\/lingua-e-cultura\/","title":{"rendered":"Dil ve K\u00fclt\u00fcr"},"content":{"rendered":"<p><span class=\"titoloRosso\">Her sene\u00a0<strong>yar\u0131m milyon<\/strong> \u0130talyanca \u00f6\u011freniyor.<br \/>\n<\/span><\/p>\n<p>Peki neden?<\/p>\n<p><strong>\u0130talyanca bir k\u00fclt\u00fcr dilidir.<\/strong>\u00a0Bu dili bilmek Avrupa tarihi i\u00e7in \u00f6nem ta\u015f\u0131yan edebi mirasa, de\u011ferli bilimsel ve be\u015feri kaynaklara italyanca teatrel, m\u00fczikal, operestik, tv ve sinematografik \u00fcretimlere ula\u015fman\u0131n kap\u0131lar\u0131n\u0131 a\u00e7ar.<\/p>\n<p><strong>\u0130talyanca bir e\u011fitim dilidir.<\/strong>\u00a0Her sene \u00e7ok say\u0131da \u00f6\u011frenci okullar\u0131m\u0131za, \u00dcniversitelerimize, Akademilerimize, k\u00fct\u00fcphanelerimize devam etmeye karar verirler<\/p>\n<p><strong>\u0130talyanca bir i\u015f dilidir.<\/strong>\u00a0Menejerler, i\u015f adamlar\u0131, teknisyenler, \u00e7al\u0131\u015fanlar, i\u015f\u00e7iler, italyan zanaatkar, end\u00fcstri d\u00fcnyas\u0131yla ili\u015fkiye ge\u00e7erler ve \u00fclkemizin s\u0131n\u0131rlar\u0131n\u0131 zorlarlar.<\/p>\n<p><strong>\u0130talyanca konu\u015farak<\/strong>\u00a0\u00fclkemizi ve konuksever halk\u0131m\u0131z\u0131 ziyaret etmek , sanat \u015fehirleri ve do\u011fa harikalar\u0131 aras\u0131nda gezinmek otantik bir zevke d\u00f6n\u00fc\u015f\u00fcr.<\/p>\n","protected":false},"excerpt":{"rendered":"Her sene\u00a0yar\u0131m milyon \u0130talyanca \u00f6\u011freniyor. Peki neden? \u0130talyanca bir k\u00fclt\u00fcr dilidir.\u00a0Bu dili bilmek Avrupa tarihi i\u00e7in \u00f6nem ta\u015f\u0131yan edebi mirasa, de\u011ferli bilimsel ve be\u015feri kaynaklara italyanca teatrel, m\u00fczikal, operestik, tv ve sinematografik \u00fcretimlere ula\u015fman\u0131n kap\u0131lar\u0131n\u0131 a\u00e7ar. \u0130talyanca bir e\u011fitim dilidir.\u00a0Her sene \u00e7ok say\u0131da \u00f6\u011frenci okullar\u0131m\u0131za, \u00dcniversitelerimize, Akademilerimize, k\u00fct\u00fcphanelerimize devam etmeye karar verirler \u0130talyanca bir i\u015f [&hellip;]","protected":false},"author":1,"featured_media":0,"parent":0,"menu_order":4,"comment_status":"closed","ping_status":"closed","template":"","meta":{"footnotes":""},"class_list":["post-102","page","type-page","status-publish","hentry"],"_links":{"self":[{"href":"https:\/\/iicistanbul.esteri.it\/tr\/wp-json\/wp\/v2\/pages\/102","targetHints":{"allow":["GET"]}}],"collection":[{"href":"https:\/\/iicistanbul.esteri.it\/tr\/wp-json\/wp\/v2\/pages"}],"about":[{"href":"https:\/\/iicistanbul.esteri.it\/tr\/wp-json\/wp\/v2\/types\/page"}],"author":[{"embeddable":true,"href":"https:\/\/iicistanbul.esteri.it\/tr\/wp-json\/wp\/v2\/users\/1"}],"replies":[{"embeddable":true,"href":"https:\/\/iicistanbul.esteri.it\/tr\/wp-json\/wp\/v2\/comments?post=102"}],"version-history":[{"count":1,"href":"https:\/\/iicistanbul.esteri.it\/tr\/wp-json\/wp\/v2\/pages\/102\/revisions"}],"predecessor-version":[{"id":15077,"href":"https:\/\/iicistanbul.esteri.it\/tr\/wp-json\/wp\/v2\/pages\/102\/revisions\/15077"}],"wp:attachment":[{"href":"https:\/\/iicistanbul.esteri.it\/tr\/wp-json\/wp\/v2\/media?parent=102"}],"curies":[{"name":"wp","href":"https:\/\/api.w.org\/{rel}","templated":true}]}}