{"id":103,"date":"2023-04-03T20:31:30","date_gmt":"2023-04-03T17:31:30","guid":{"rendered":"https:\/\/iicistanbul.esteri.it\/gli_eventi\/"},"modified":"2023-05-30T17:45:54","modified_gmt":"2023-05-30T14:45:54","slug":"gli_eventi","status":"publish","type":"page","link":"https:\/\/iicistanbul.esteri.it\/tr\/gli_eventi\/","title":{"rendered":"Etkinlikler"},"content":{"rendered":"        <div class=\"row\">\n\t\t\t<!-- Ricerca sedi post -->\n\t\t\t<div class=\"col-12 mt-4\">\n\t\t\t  <div class=\"callout callout-highlight note ricerca-esteri p-4\">\n                    <div class=\"callout-title\">\n                        <svg class=\"icon\">\n                            <use xlink:href=\"https:\/\/iicistanbul.esteri.it\/wp-content\/themes\/sedi-tema\/assets\/svg\/sprites.svg#it-search\"><\/use>\n                        <\/svg>Arama parametrelerini girin                    <\/div>\n                    <form id=\"searchFormPost\" name=\"form-search-post\" class=\"form-row align-items-center\" action=\"https:\/\/iicistanbul.esteri.it\/tr\/wp-json\/wp\/v2\/pages\/103\/\" method=\"GET\"> \n                        <!-- <div class=\"form-group pt-5\"> -->\n                            <!-- <input type=\"hidden\" id=\"lang\" name=\"lang\" value=\"\"> --> <!-- <\/div> -->\n\n                        <div class=\"it-datepicker-wrapper\">\n                            <div class=\"row\">\n                                <div class=\"form-group col-md-6\">\n                                    <label class=\"active\" for=\"date-init\">Ba\u015flang\u0131\u00e7<\/label>\n                                    <input class=\"form-control\" name=\"date-init\" id=\"date-init\" type=\"date\" placeholder=\"gg\/mm\/aaaa\" value=\"\"lang=\"en-EN\">  \n                                <\/div>\n                                <div class=\"form-group col-md-6\">\n                                    <label class=\"active\" for=\"date-end\">Biti\u015f<\/label>\n                                    <input class=\"form-control\" name=\"date-end\" id=\"date-end\" type=\"date\" placeholder=\"gg\/mm\/aaaa\" value=\"\">\n                                <\/div>\n                            <\/div>\n                        <\/div>\n                        <div class=\"form-group col-md-12 mt-3\">\n                            <label for=\"searchText\">Serbest arama alan\u0131<\/label>\n                            <input type=\"text\" name=\"searchText\" class=\"form-control\" id=\"searchText\" value=\"\">\n                        <\/div>\n                        <div class=\"form-group col-md-4 offset-md-8 text-end\">\n                            <a href=\"https:\/\/iicistanbul.esteri.it\/tr\/gli_eventi\/\" title=\"Form reset\" id=\"resetImput\" class=\"btn btn-outline-primary btn-xs\">Reset<\/a>\n                            <button type=\"submit\" class=\"btn btn-primary btn-xs\">Sonu\u00e7lar\u0131 g\u00f6ster<\/button>\n                        <\/div>\n                    <\/form>\n\t\t\t\t<\/div>\n\t\t\t<\/div>\n\t\t<\/div>\n                    \n            <div class=\"row\">\n                            <div class=\"col-12 mt-3\">\n                <!--start card-->\n                <div class=\"card-wrapper card-space\">\n                    <div class=\"card card-bg card-big border-bottom-card\">\n                        <div class=\"card-body row\">\n                                                    <div class=\"col-sm-3\">\n                                <div class=\"img-responsive\">\n                                    <figure class=\"img-wrapper\">\n                                        <a href=\"https:\/\/iicistanbul.esteri.it\/tr\/gli_eventi\/calendario\/visioni-sarde-2026-cinema-made-in-sardegna\/\" title=\"Makaleyi oku: Visioni Sarde 2026: Cinema made in Sardegna\">\n                                                                                            <img loading=\"lazy\" decoding=\"async\" width=\"300\" height=\"164\" src=\"https:\/\/iicistanbul.esteri.it\/wp-content\/uploads\/2026\/04\/Visioni-Sarde-2026-300x164.png\" srcset=\"https:\/\/iicistanbul.esteri.it\/wp-content\/uploads\/2026\/04\/Visioni-Sarde-2026.png 1204w, https:\/\/iicistanbul.esteri.it\/wp-content\/uploads\/2026\/04\/Visioni-Sarde-2026-300x164.png 300w, https:\/\/iicistanbul.esteri.it\/wp-content\/uploads\/2026\/04\/Visioni-Sarde-2026-1024x561.png 1024w, https:\/\/iicistanbul.esteri.it\/wp-content\/uploads\/2026\/04\/Visioni-Sarde-2026-768x421.png 768w\" sizes=\"auto, (max-width: 1204px) 100vw, 1204px\"  title=\"Visioni-Sarde-2026\" alt=\"\" class=\"img-fluid\">\n                                                                                    <\/a>\n                                    <\/figure>\n                                <\/div>\n                            <\/div>\n                            <div class=\"col-sm-9\">\n                                                            <div class=\"category-top\">\n                                    <span class=\"fw-bold \"><\/span>                                                                        <span class=\"\">\n                                        <svg class=\"icon icon-secondary\">\n                                            <use xlink:href=\"https:\/\/iicistanbul.esteri.it\/wp-content\/themes\/sedi-tema\/assets\/svg\/sprites.svg#it-calendar\"><\/use>\n                                        <\/svg> Sal Nis 21 2026                                    <\/span>\n                                                                    <\/div>\n                            <h5 class=\"card-title big-heading text-uppercase\"><a class=\"text-body text-decoration-none\" href=\"https:\/\/iicistanbul.esteri.it\/tr\/gli_eventi\/calendario\/visioni-sarde-2026-cinema-made-in-sardegna\/\" title=\"Visioni Sarde 2026: Cinema made in Sardegna\">Visioni Sarde 2026: Cinema made in Sardegna<\/a><\/h5>\n                            <p class=\"card-text\">\u0130talyan K\u00fclt\u00fcr Merkezi, Sardinya \u00e7a\u011fda\u015f sinemas\u0131na adanm\u0131\u015f \u201cVisioni Sarde\u201d se\u00e7kisini sunmaktan memnuniyet duyar. Etkinlik, 21 Nisan 2026 saat 19.30\u2019da Beyo\u011flu Sinemas\u0131 Pera Salonu\u2019nda ger\u00e7ekle\u015ftirilecektir. G\u00f6sterimler \u00fccretsiz olup filmler orijinal dilinde, \u0130ngilizce altyaz\u0131l\u0131 olarak sunulacakt\u0131r. 2014 y\u0131l\u0131nda Cineteca di Bologna\u2019n\u0131n k\u00f6kl\u00fc \u201cVisioni Italiane\u201d festivali kapsam\u0131nda do\u011fan \u201cVisioni Sarde\u201d, Sardinya\u2019y\u0131 sinema arac\u0131l\u0131\u011f\u0131yla anlatmay\u0131 ama\u00e7layan bir projedir. Y\u0131llar [&hellip;]<\/p>\n                                <a title=\"Visioni Sarde 2026: Cinema made in Sardegna\" class=\"read-more\" href=\"https:\/\/iicistanbul.esteri.it\/tr\/gli_eventi\/calendario\/visioni-sarde-2026-cinema-made-in-sardegna\/\">\n                                    <span class=\"text\">Devam\u0131n\u0131 oku<\/span>\n                                    <svg class=\"icon\">\n                                    <use xlink:href=\"https:\/\/iicistanbul.esteri.it\/wp-content\/themes\/sedi-tema\/assets\/svg\/sprites.svg#it-arrow-right\"><\/use>\n                                    <\/svg>\n                                <\/a>\n                                                        <\/div>\n                                                    <\/div>\n                    <\/div>\n                <\/div>\n                <!--end card-->\n                <\/div><!-- col-12 .mt-3-->\n                            <div class=\"col-12 mt-3\">\n                <!--start card-->\n                <div class=\"card-wrapper card-space\">\n                    <div class=\"card card-bg card-big border-bottom-card\">\n                        <div class=\"card-body row\">\n                                                    <div class=\"col-sm-3\">\n                                <div class=\"img-responsive\">\n                                    <figure class=\"img-wrapper\">\n                                        <a href=\"https:\/\/iicistanbul.esteri.it\/tr\/gli_eventi\/calendario\/concerto-la-venezia-doriente\/\" title=\"Makaleyi oku: Konser: Do\u011funun Venedik\u2019i\">\n                                                                                            <img loading=\"lazy\" decoding=\"async\" width=\"300\" height=\"170\" src=\"https:\/\/iicistanbul.esteri.it\/wp-content\/uploads\/2026\/04\/dogunun-venediki-popup-40523edc-d373-49a4-9622-c1fb54c4f524-300x170.jpg\" srcset=\"https:\/\/iicistanbul.esteri.it\/wp-content\/uploads\/2026\/04\/dogunun-venediki-popup-40523edc-d373-49a4-9622-c1fb54c4f524.jpg 630w, https:\/\/iicistanbul.esteri.it\/wp-content\/uploads\/2026\/04\/dogunun-venediki-popup-40523edc-d373-49a4-9622-c1fb54c4f524-300x170.jpg 300w\" sizes=\"auto, (max-width: 630px) 100vw, 630px\"  title=\"dogunun-venediki-popup-40523edc-d373-49a4-9622-c1fb54c4f524\" alt=\"\" class=\"img-fluid\">\n                                                                                    <\/a>\n                                    <\/figure>\n                                <\/div>\n                            <\/div>\n                            <div class=\"col-sm-9\">\n                                                            <div class=\"category-top\">\n                                    <span class=\"fw-bold \"><\/span>                                                                        <span class=\"\">\n                                        <svg class=\"icon icon-secondary\">\n                                            <use xlink:href=\"https:\/\/iicistanbul.esteri.it\/wp-content\/themes\/sedi-tema\/assets\/svg\/sprites.svg#it-calendar\"><\/use>\n                                        <\/svg> Cts Nis 25 2026                                    <\/span>\n                                                                    <\/div>\n                            <h5 class=\"card-title big-heading text-uppercase\"><a class=\"text-body text-decoration-none\" href=\"https:\/\/iicistanbul.esteri.it\/tr\/gli_eventi\/calendario\/concerto-la-venezia-doriente\/\" title=\"Konser: Do\u011funun Venedik\u2019i\">Konser: Do\u011funun Venedik\u2019i<\/a><\/h5>\n                            <p class=\"card-text\">\u0130talyan K\u00fclt\u00fcr Merkezi, Kad\u0131k\u00f6y Belediyesi i\u015f birli\u011fiyle, \u201cDo\u011fu\u2019nun Venedik\u2019i\u201d ba\u015fl\u0131kl\u0131 konseri 25 Nisan 2026 Cumartesi g\u00fcn\u00fc saat 20.00\u2019de Yelde\u011firmeni Sanat\u2019ta sunmaktan memnuniyet duyar. \u201cCumartesi Konserleri\u201d kapsam\u0131nda ger\u00e7ekle\u015fecek etkinlik, R\u00f6nesans ve Barok d\u00f6nem Avrupa m\u00fczi\u011fi ile Osmanl\u0131 m\u00fczik gelene\u011fi aras\u0131nda incelikli bir diyalog kurmaktad\u0131r. Tarihsel olarak birbiriyle ba\u011flant\u0131l\u0131 ancak farkl\u0131 ifade bi\u00e7imlerine sahip bu iki m\u00fczik [&hellip;]<\/p>\n                                <a title=\"Konser: Do\u011funun Venedik\u2019i\" class=\"read-more\" href=\"https:\/\/iicistanbul.esteri.it\/tr\/gli_eventi\/calendario\/concerto-la-venezia-doriente\/\">\n                                    <span class=\"text\">Devam\u0131n\u0131 oku<\/span>\n                                    <svg class=\"icon\">\n                                    <use xlink:href=\"https:\/\/iicistanbul.esteri.it\/wp-content\/themes\/sedi-tema\/assets\/svg\/sprites.svg#it-arrow-right\"><\/use>\n                                    <\/svg>\n                                <\/a>\n                                                        <\/div>\n                                                    <\/div>\n                    <\/div>\n                <\/div>\n                <!--end card-->\n                <\/div><!-- col-12 .mt-3-->\n            \n            <div class=\"col-md-12 mt-4 pb-4\">\n                <nav class=\"navigation col-md-12\" aria-label=\"Navigation\">\n                    <h2 class=\"screen-reader-text visually-hidden\">Sayfaland\u0131rma<\/h2>\n                    <div class=\"nav-links\">\n                                        <\/div>\n                <\/nav>\n            <\/div>   <!--.col-md-12 -->\n              <\/div><!--.row -->\n              \n","protected":false},"excerpt":{"rendered":"","protected":false},"author":1,"featured_media":0,"parent":0,"menu_order":6,"comment_status":"closed","ping_status":"closed","template":"","meta":{"footnotes":""},"class_list":["post-103","page","type-page","status-publish","hentry"],"_links":{"self":[{"href":"https:\/\/iicistanbul.esteri.it\/tr\/wp-json\/wp\/v2\/pages\/103","targetHints":{"allow":["GET"]}}],"collection":[{"href":"https:\/\/iicistanbul.esteri.it\/tr\/wp-json\/wp\/v2\/pages"}],"about":[{"href":"https:\/\/iicistanbul.esteri.it\/tr\/wp-json\/wp\/v2\/types\/page"}],"author":[{"embeddable":true,"href":"https:\/\/iicistanbul.esteri.it\/tr\/wp-json\/wp\/v2\/users\/1"}],"replies":[{"embeddable":true,"href":"https:\/\/iicistanbul.esteri.it\/tr\/wp-json\/wp\/v2\/comments?post=103"}],"version-history":[{"count":0,"href":"https:\/\/iicistanbul.esteri.it\/tr\/wp-json\/wp\/v2\/pages\/103\/revisions"}],"wp:attachment":[{"href":"https:\/\/iicistanbul.esteri.it\/tr\/wp-json\/wp\/v2\/media?parent=103"}],"curies":[{"name":"wp","href":"https:\/\/api.w.org\/{rel}","templated":true}]}}