{"id":122,"date":"2023-04-03T20:54:50","date_gmt":"2023-04-03T17:54:50","guid":{"rendered":"https:\/\/iicistanbul.esteri.it\/chi-siamo\/il-personale\/"},"modified":"2026-02-26T10:42:20","modified_gmt":"2026-02-26T07:42:20","slug":"il-personale","status":"publish","type":"page","link":"https:\/\/iicistanbul.esteri.it\/tr\/chi-siamo\/il-personale\/","title":{"rendered":"Personel"},"content":{"rendered":"<table>\n<tbody>\n<tr>\n<td width=\"157\">&nbsp;<\/td>\n<td width=\"463\"><strong>M\u00fcd\u00fcriyet<\/strong><\/p>\n<p>&nbsp;<\/td>\n<\/tr>\n<tr>\n<td width=\"157\">&nbsp;<\/td>\n<td width=\"463\"><strong>M\u00fcd\u00fcr Vekili<\/strong><\/p>\n<p>Andrea Balletta<\/p>\n<p><a href=\"mailto:addetto.iicistanbul@esteri.it\">addetto.iicistanbul@esteri.it<\/a><\/td>\n<\/tr>\n<tr>\n<td width=\"157\">&nbsp;<\/td>\n<td width=\"463\"><strong>Muhasebe \/ \u0130dari i\u015fler<\/strong><br \/>\nBruno Morea<br \/>\n<a href=\"mailto:contabilita.iicistanbul@esteri.it\">contabilita.iicistanbul@esteri.it<\/a><\/td>\n<\/tr>\n<tr>\n<td width=\"157\">&nbsp;<\/td>\n<td width=\"463\"><strong>Sekreterlik<\/strong><br \/>\nElisabetta Lemma<br \/>\n<a href=\"mailto:segreteria.iicistanbul@esteri.it\">segreteria.iicistanbul@esteri.it<\/a><\/td>\n<\/tr>\n<tr>\n<td width=\"157\">&nbsp;<\/td>\n<td width=\"463\"><strong>K\u00fclt\u00fcrel Aktiviteler \/ \u00c7eviriler<br \/>\n<\/strong>Tanju \u015eahan<br \/>\n<a href=\"mailto:eventi.iicistanbul@esteri.it\">eventi.iicistanbul@esteri.it<\/a><\/td>\n<\/tr>\n<tr>\n<td width=\"157\">&nbsp;<\/td>\n<td width=\"463\"><strong>K\u00fclt\u00fcrel Aktiviteler \/ Bilgi ve Medya<br \/>\n<\/strong>Mertcan Kesici<br \/>\n<a href=\"mailto:info.iicistanbul@esteri.it\">info.iicistanbul@esteri.it<\/a><\/td>\n<\/tr>\n<tr>\n<td width=\"157\">&nbsp;<\/td>\n<td width=\"463\"><strong>Santral<br \/>\n<\/strong>Giorgio Giovanni Perez<br \/>\n<a href=\"mailto:giorgio.perez@esteri.it\">giorgio.perez@esteri.it<\/a><\/td>\n<\/tr>\n<\/tbody>\n<\/table>\n","protected":false},"excerpt":{"rendered":"&nbsp; M\u00fcd\u00fcriyet &nbsp; &nbsp; M\u00fcd\u00fcr Vekili Andrea Balletta addetto.iicistanbul@esteri.it &nbsp; Muhasebe \/ \u0130dari i\u015fler Bruno Morea contabilita.iicistanbul@esteri.it &nbsp; Sekreterlik Elisabetta Lemma segreteria.iicistanbul@esteri.it &nbsp; K\u00fclt\u00fcrel Aktiviteler \/ \u00c7eviriler Tanju \u015eahan eventi.iicistanbul@esteri.it &nbsp; K\u00fclt\u00fcrel Aktiviteler \/ Bilgi ve Medya Mertcan Kesici info.iicistanbul@esteri.it &nbsp; Santral Giorgio Giovanni Perez giorgio.perez@esteri.it","protected":false},"author":1,"featured_media":0,"parent":101,"menu_order":0,"comment_status":"closed","ping_status":"closed","template":"","meta":{"footnotes":""},"class_list":["post-122","page","type-page","status-publish","hentry"],"_links":{"self":[{"href":"https:\/\/iicistanbul.esteri.it\/tr\/wp-json\/wp\/v2\/pages\/122","targetHints":{"allow":["GET"]}}],"collection":[{"href":"https:\/\/iicistanbul.esteri.it\/tr\/wp-json\/wp\/v2\/pages"}],"about":[{"href":"https:\/\/iicistanbul.esteri.it\/tr\/wp-json\/wp\/v2\/types\/page"}],"author":[{"embeddable":true,"href":"https:\/\/iicistanbul.esteri.it\/tr\/wp-json\/wp\/v2\/users\/1"}],"replies":[{"embeddable":true,"href":"https:\/\/iicistanbul.esteri.it\/tr\/wp-json\/wp\/v2\/comments?post=122"}],"version-history":[{"count":3,"href":"https:\/\/iicistanbul.esteri.it\/tr\/wp-json\/wp\/v2\/pages\/122\/revisions"}],"predecessor-version":[{"id":18216,"href":"https:\/\/iicistanbul.esteri.it\/tr\/wp-json\/wp\/v2\/pages\/122\/revisions\/18216"}],"up":[{"embeddable":true,"href":"https:\/\/iicistanbul.esteri.it\/tr\/wp-json\/wp\/v2\/pages\/101"}],"wp:attachment":[{"href":"https:\/\/iicistanbul.esteri.it\/tr\/wp-json\/wp\/v2\/media?parent=122"}],"curies":[{"name":"wp","href":"https:\/\/api.w.org\/{rel}","templated":true}]}}