{"id":123,"date":"2023-04-03T20:55:02","date_gmt":"2023-04-03T17:55:02","guid":{"rendered":"https:\/\/iicistanbul.esteri.it\/chi-siamo\/la-sede\/"},"modified":"2023-09-26T17:12:16","modified_gmt":"2023-09-26T14:12:16","slug":"la-sede","status":"publish","type":"page","link":"https:\/\/iicistanbul.esteri.it\/tr\/chi-siamo\/la-sede\/","title":{"rendered":"K\u00fclt\u00fcr Merkezi"},"content":{"rendered":"<table class=\"tableRed table\" border=\"0\" cellspacing=\"1\" cellpadding=\"0\">\n<tbody>\n<tr valign=\"top\">\n<td class=\"tableRed\" width=\"157\" height=\"103\"><img loading=\"lazy\" decoding=\"async\" class=\"alignnone size-medium wp-image-6023 img-fluid\" src=\"https:\/\/iicistanbul.esteri.it\/wp-content\/uploads\/2023\/09\/facciata-226x300.jpg\" alt=\"\" width=\"226\" height=\"300\" srcset=\"https:\/\/iicistanbul.esteri.it\/wp-content\/uploads\/2023\/09\/facciata-226x300.jpg 226w, https:\/\/iicistanbul.esteri.it\/wp-content\/uploads\/2023\/09\/facciata.jpg 300w\" sizes=\"auto, (max-width: 226px) 100vw, 226px\" \/><\/td>\n<td class=\"tableRed\" valign=\"top\" width=\"463\" height=\"103\">Ana bina<\/td>\n<\/tr>\n<tr>\n<td class=\"tableRed\" width=\"157\" height=\"103\"><img loading=\"lazy\" decoding=\"async\" class=\"alignnone size-medium wp-image-6024 img-fluid\" src=\"https:\/\/iicistanbul.esteri.it\/wp-content\/uploads\/2023\/09\/ingresso-226x300.jpg\" alt=\"\" width=\"226\" height=\"300\" srcset=\"https:\/\/iicistanbul.esteri.it\/wp-content\/uploads\/2023\/09\/ingresso-226x300.jpg 226w, https:\/\/iicistanbul.esteri.it\/wp-content\/uploads\/2023\/09\/ingresso.jpg 300w\" sizes=\"auto, (max-width: 226px) 100vw, 226px\" \/><\/td>\n<td class=\"tableRed\" valign=\"top\" width=\"463\" height=\"103\">Giri\u015f<\/td>\n<\/tr>\n<tr>\n<td class=\"tableRed\" width=\"157\" height=\"103\"><img loading=\"lazy\" decoding=\"async\" class=\"alignnone size-full wp-image-6025 img-fluid\" src=\"https:\/\/iicistanbul.esteri.it\/wp-content\/uploads\/2023\/09\/teatro.jpg\" alt=\"\" width=\"300\" height=\"200\" \/><\/td>\n<td class=\"tableRed\" valign=\"top\" width=\"463\" height=\"103\">Tiyatro salonu<\/td>\n<\/tr>\n<tr>\n<td class=\"tableRed\" width=\"157\" height=\"103\"><img loading=\"lazy\" decoding=\"async\" class=\"alignnone size-full wp-image-6026 img-fluid\" src=\"https:\/\/iicistanbul.esteri.it\/wp-content\/uploads\/2023\/09\/biblioteca.jpg\" alt=\"\" width=\"300\" height=\"200\" \/><\/td>\n<td class=\"tableRed\" valign=\"top\" width=\"463\" height=\"103\">K\u00fct\u00fcphane<\/td>\n<\/tr>\n<tr>\n<td class=\"tableRed\" width=\"157\" height=\"103\"><img loading=\"lazy\" decoding=\"async\" class=\"alignnone size-medium wp-image-6027 img-fluid\" src=\"https:\/\/iicistanbul.esteri.it\/wp-content\/uploads\/2023\/09\/direzione-200x300.jpg\" alt=\"\" width=\"200\" height=\"300\" srcset=\"https:\/\/iicistanbul.esteri.it\/wp-content\/uploads\/2023\/09\/direzione-200x300.jpg 200w, https:\/\/iicistanbul.esteri.it\/wp-content\/uploads\/2023\/09\/direzione.jpg 300w\" sizes=\"auto, (max-width: 200px) 100vw, 200px\" \/><\/td>\n<td class=\"tableRed\" valign=\"top\" width=\"463\" height=\"103\">Ofisler<\/td>\n<\/tr>\n<\/tbody>\n<\/table>\n<h3>Teknik donan\u0131mlar<\/h3>\n<div class=\"sr-only\"><strong>Cinema &amp; Projection Systems<\/strong><\/div>\n<div>\n<ul>\n<li>DCP Sony Digital Cinema 4K SRX-R515P<\/li>\n<li>Cinemeccanica Victoria 5 (35mm. &#8211; Dolby digital)<\/li>\n<li>Sony VPL-FH500 Projector (7000 ansi lumen)<\/li>\n<li>Sony VPL-FX51 Data projector (5000 ansi lumen)<\/li>\n<li>Polaroid Lcd Projector<\/li>\n<li>6,50 x 4,50 screen<\/li>\n<\/ul>\n<p><strong>Sound System<\/strong><\/p>\n<ul>\n<li>Pianoforte Steinway mezza coda<\/li>\n<li>1 Yamaha Gigital Mixer TF5<\/li>\n<li>1\u00a0Mixer\u00a0Soundcraft GB4\u00a0(32 channel, 8 aux, 4 group)<\/li>\n<li>1\u00a0Lexicon Effect MX200<\/li>\n<li>6\u00a0Electrovoice ZX4\u00a0monitor<\/li>\n<li>2\u00a0Electrovoice Eliminator\u00a0215 speaker<\/li>\n<li>3\u00a0Electrovoice CP1800\u00a0Power Amplifier<\/li>\n<li>1\u00a0C-audio Pulse4300\u00a0Amplifier<\/li>\n<li>2\u00a0EQ\u00a0dbx 1231\u00a02&#215;31 bant<\/li>\n<li>2 EQ\u00a0dbx 231\u00a02&#215;31 bant<\/li>\n<li>1 EQ Inter-M 2&#215;15 bant<\/li>\n<li>2 Sony Dvd, Cd player<\/li>\n<li>2 Sony VHS player<\/li>\n<li>1 Sennheiser Headset UHF wirless microphone<\/li>\n<li>2 Sennheiser EW100 UHF wirless microphones<\/li>\n<li>2 AKG D95-S dynamic microphones<\/li>\n<li>2 Sennheiser condensor table microphones<\/li>\n<li>2 Shure SM58 microphones<\/li>\n<li>2 Shure SM57 microphones<\/li>\n<li>3 AKG C-411 microphones<\/li>\n<li>2 BeyerDynamic MCE530 piano microphones<\/li>\n<li>4 Behringer ULTRA DI BOX &#8211; DI100<\/li>\n<li>1 Behringer HA4700 4&#215;2 channel line spliter<\/li>\n<\/ul>\n<p><strong>Light System<\/strong><\/p>\n<ul>\n<li>2\u00a0Coemar Prospot 575LX\u00a0Moving heat<\/li>\n<li>4\u00a01200W LDR\u00a0profile spot with\u00a0color scroller<\/li>\n<li>4 1000W profile spot<\/li>\n<li>10 500W theatre spot (pc spot)<\/li>\n<li>ETC Smartfade ML\u00a0light control console<\/li>\n<\/ul>\n<p><strong>Capacity<\/strong><\/p>\n<ul>\n<li>Number of seating places: 239 (platea 182) (balcony 57)<\/li>\n<\/ul>\n<\/div>\n","protected":false},"excerpt":{"rendered":"Ana bina Giri\u015f Tiyatro salonu K\u00fct\u00fcphane Ofisler Teknik donan\u0131mlar Cinema &amp; Projection Systems DCP Sony Digital Cinema 4K SRX-R515P Cinemeccanica Victoria 5 (35mm. &#8211; Dolby digital) Sony VPL-FH500 Projector (7000 ansi lumen) Sony VPL-FX51 Data projector (5000 ansi lumen) Polaroid Lcd Projector 6,50 x 4,50 screen Sound System Pianoforte Steinway mezza coda 1 Yamaha Gigital [&hellip;]","protected":false},"author":1,"featured_media":0,"parent":101,"menu_order":2,"comment_status":"closed","ping_status":"closed","template":"","meta":{"footnotes":""},"class_list":["post-123","page","type-page","status-publish","hentry"],"_links":{"self":[{"href":"https:\/\/iicistanbul.esteri.it\/tr\/wp-json\/wp\/v2\/pages\/123","targetHints":{"allow":["GET"]}}],"collection":[{"href":"https:\/\/iicistanbul.esteri.it\/tr\/wp-json\/wp\/v2\/pages"}],"about":[{"href":"https:\/\/iicistanbul.esteri.it\/tr\/wp-json\/wp\/v2\/types\/page"}],"author":[{"embeddable":true,"href":"https:\/\/iicistanbul.esteri.it\/tr\/wp-json\/wp\/v2\/users\/1"}],"replies":[{"embeddable":true,"href":"https:\/\/iicistanbul.esteri.it\/tr\/wp-json\/wp\/v2\/comments?post=123"}],"version-history":[{"count":2,"href":"https:\/\/iicistanbul.esteri.it\/tr\/wp-json\/wp\/v2\/pages\/123\/revisions"}],"predecessor-version":[{"id":6031,"href":"https:\/\/iicistanbul.esteri.it\/tr\/wp-json\/wp\/v2\/pages\/123\/revisions\/6031"}],"up":[{"embeddable":true,"href":"https:\/\/iicistanbul.esteri.it\/tr\/wp-json\/wp\/v2\/pages\/101"}],"wp:attachment":[{"href":"https:\/\/iicistanbul.esteri.it\/tr\/wp-json\/wp\/v2\/media?parent=123"}],"curies":[{"name":"wp","href":"https:\/\/api.w.org\/{rel}","templated":true}]}}