{"id":124,"date":"2023-04-03T20:55:21","date_gmt":"2023-04-03T17:55:21","guid":{"rendered":"https:\/\/iicistanbul.esteri.it\/chi-siamo\/contatti\/"},"modified":"2025-04-16T15:01:31","modified_gmt":"2025-04-16T12:01:31","slug":"contatti","status":"publish","type":"page","link":"https:\/\/iicistanbul.esteri.it\/tr\/chi-siamo\/contatti\/","title":{"rendered":"\u0130leti\u015fim"},"content":{"rendered":"<p><strong>\u0130talyan K\u00fclt\u00fcr Merkezi<\/strong><\/p>\n<p>Me\u015frutiyet Caddesi no:75<br \/>\nTepeba\u015f\u0131, Beyo\u011flu<br \/>\n34430 \u0130stanbul<br \/>\n<a href=\"mailto:iicistanbul@esteri.it\">iicistanbul@esteri.it<\/a><br \/>\nTel: +90 (212) 293 98 48 (pbx)<\/p>\n<p>&nbsp;<\/p>\n<ul>\n<li><strong>Ofis saatleri:<\/strong><\/li>\n<\/ul>\n<p>Pazartesi&#8217;den\u00a0Per\u015fembe&#8217;ye: 09:00 &#8211; 13:00 \/ 14:00 &#8211; 17:00<br \/>\nCuma: 09:00 &#8211; 15:00<\/p>\n<p>&nbsp;<\/p>\n<p>2025 tatil g\u00fcnleri<\/p>\n<div class=\"responsive\">\n<table class=\"table table-bordered table-sm export-table\" width=\"667\">\n<tbody>\n<tr class=\"thead-light\">\n<td width=\"132\"><strong>\u00c7ar\u015famba<\/strong><\/td>\n<td width=\"132\"><strong>01 Ocak<\/strong><\/td>\n<td width=\"403\"><strong>YEN\u0130YIL<\/strong><\/td>\n<\/tr>\n<tr>\n<td width=\"132\"><strong>Pazartesi<\/strong><\/td>\n<td width=\"132\"><strong>31 Mart<\/strong><\/td>\n<td width=\"403\"><b><strong>RAMAZAN BAYRAMI<\/strong><\/b><\/td>\n<\/tr>\n<tr>\n<td width=\"132\"><strong>Sal\u0131<\/strong><\/td>\n<td width=\"132\"><strong>1 Nisan<\/strong><\/td>\n<td width=\"403\"><strong>RAMAZAN BAYRAMI<br \/>\n<\/strong><\/td>\n<\/tr>\n<tr>\n<td width=\"132\"><strong>Pazartesi<br \/>\n<\/strong><\/td>\n<td width=\"132\"><strong>21 Nisan<br \/>\n<\/strong><\/td>\n<td width=\"403\"><b><strong>PASKALYA PAZARTES\u0130S\u0130<\/strong><\/b><\/td>\n<\/tr>\n<tr>\n<td width=\"132\"><strong>Per\u015fembe<\/strong><\/td>\n<td width=\"132\"><strong>01 May\u0131s<\/strong><\/td>\n<td width=\"403\"><strong>\u0130\u015e VE \u0130\u015e\u00c7\u0130 BAYRAMI<\/strong><\/td>\n<\/tr>\n<tr>\n<td width=\"132\"><strong>Pazartesi<\/strong><\/td>\n<td width=\"132\"><strong>02 Haziran<\/strong><\/td>\n<td width=\"403\"><b><strong>\u0130TALYA CUMHUR\u0130YET BAYRAMI <\/strong><\/b><\/td>\n<\/tr>\n<tr>\n<td width=\"132\"><strong>Cuma<\/strong><\/td>\n<td width=\"132\"><strong>6 Haziran<\/strong><\/td>\n<td width=\"403\"><strong>KURBAN BAYRAMI<\/strong><\/td>\n<\/tr>\n<tr>\n<td width=\"132\"><strong>Cuma<\/strong><\/td>\n<td width=\"132\"><strong>15 A\u011fustos<\/strong><\/td>\n<td width=\"403\"><strong>MERYEM ANA\u2019NIN G\u00d6\u011eE Y\u00dcKSEL\u0130\u015e\u0130 YORTUSU<br \/>\n<\/strong><\/td>\n<\/tr>\n<tr>\n<td width=\"132\"><strong>\u00c7ar\u015famba<\/strong><\/td>\n<td width=\"132\"><strong>29 Ekim<br \/>\n<\/strong><\/td>\n<td width=\"403\"><strong>CUMHUR\u0130YET BAYRAMI<br \/>\n<\/strong><\/td>\n<\/tr>\n<tr>\n<td width=\"132\"><strong>Per\u015fembe<\/strong><\/td>\n<td width=\"132\"><strong>25 Aral\u0131k<br \/>\n<\/strong><\/td>\n<td width=\"403\"><strong>NOEL<\/strong><\/td>\n<\/tr>\n<tr>\n<td width=\"132\"><strong>Cuma<\/strong><\/td>\n<td width=\"132\"><strong>26 Aral\u0131k<\/strong><\/td>\n<td width=\"403\"><strong>AZ\u0130Z STEFANO<\/strong><\/td>\n<\/tr>\n<\/tbody>\n<\/table>\n<\/div>\n<p>&nbsp;<\/p>\n<p><strong>\u00a0<\/strong><\/p>\n","protected":false},"excerpt":{"rendered":"\u0130talyan K\u00fclt\u00fcr Merkezi Me\u015frutiyet Caddesi no:75 Tepeba\u015f\u0131, Beyo\u011flu 34430 \u0130stanbul iicistanbul@esteri.it Tel: +90 (212) 293 98 48 (pbx) &nbsp; Ofis saatleri: Pazartesi&#8217;den\u00a0Per\u015fembe&#8217;ye: 09:00 &#8211; 13:00 \/ 14:00 &#8211; 17:00 Cuma: 09:00 &#8211; 15:00 &nbsp; 2025 tatil g\u00fcnleri \u00c7ar\u015famba 01 Ocak YEN\u0130YIL Pazartesi 31 Mart RAMAZAN BAYRAMI Sal\u0131 1 Nisan RAMAZAN BAYRAMI Pazartesi 21 Nisan PASKALYA [&hellip;]","protected":false},"author":1,"featured_media":0,"parent":101,"menu_order":4,"comment_status":"closed","ping_status":"closed","template":"","meta":{"footnotes":""},"class_list":["post-124","page","type-page","status-publish","hentry"],"_links":{"self":[{"href":"https:\/\/iicistanbul.esteri.it\/tr\/wp-json\/wp\/v2\/pages\/124","targetHints":{"allow":["GET"]}}],"collection":[{"href":"https:\/\/iicistanbul.esteri.it\/tr\/wp-json\/wp\/v2\/pages"}],"about":[{"href":"https:\/\/iicistanbul.esteri.it\/tr\/wp-json\/wp\/v2\/types\/page"}],"author":[{"embeddable":true,"href":"https:\/\/iicistanbul.esteri.it\/tr\/wp-json\/wp\/v2\/users\/1"}],"replies":[{"embeddable":true,"href":"https:\/\/iicistanbul.esteri.it\/tr\/wp-json\/wp\/v2\/comments?post=124"}],"version-history":[{"count":4,"href":"https:\/\/iicistanbul.esteri.it\/tr\/wp-json\/wp\/v2\/pages\/124\/revisions"}],"predecessor-version":[{"id":16425,"href":"https:\/\/iicistanbul.esteri.it\/tr\/wp-json\/wp\/v2\/pages\/124\/revisions\/16425"}],"up":[{"embeddable":true,"href":"https:\/\/iicistanbul.esteri.it\/tr\/wp-json\/wp\/v2\/pages\/101"}],"wp:attachment":[{"href":"https:\/\/iicistanbul.esteri.it\/tr\/wp-json\/wp\/v2\/media?parent=124"}],"curies":[{"name":"wp","href":"https:\/\/api.w.org\/{rel}","templated":true}]}}