{"id":133,"date":"2023-04-03T20:56:11","date_gmt":"2023-04-03T17:56:11","guid":{"rendered":"https:\/\/iicistanbul.esteri.it\/lingua-e-cultura\/certificazioni\/"},"modified":"2023-10-20T11:07:34","modified_gmt":"2023-10-20T08:07:34","slug":"certificazioni","status":"publish","type":"page","link":"https:\/\/iicistanbul.esteri.it\/tr\/lingua-e-cultura\/certificazioni\/","title":{"rendered":"Sertifikalar"},"content":{"rendered":"<p><span class=\"titoloCategoria\">Yabanc\u0131 Dil olarak \u0130talyanca sertifikas\u0131<\/span><\/p>\n<p>\u0130talyan H\u00fck\u00fcmeti taraf\u0131ndan resmi olarak tan\u0131nm\u0131\u015f, resmi bir belgedir.\u00a0Sertifika s\u0131navlar\u0131 a\u015fa\u011f\u0131da s\u0131ralanan kurulu\u015flar taraf\u0131ndan ger\u00e7ekle\u015ftirilmektedir. Belgeler \u00fcniversitelere kay\u0131t a\u015famas\u0131nda da kabul edilmektedir.<\/p>\n<p>Farkl\u0131 seviyelerde ger\u00e7ekle\u015ftirilen s\u0131navlar, farkl\u0131 ortam ve durumlarda ki\u015finin dili kullanma kapasitesini, ileti\u015fim yetene\u011fini \u00f6l\u00e7meye y\u00f6neliktir.<\/p>\n<p>T\u00fcm yabanc\u0131 \u00fclke ve yurtd\u0131\u015f\u0131nda yerle\u015fik \u0130talyan vatanda\u015flar\u0131, \u0130talya\u2019da ya\u015fayan g\u00f6\u00e7menler bu s\u0131navlara girebilirler. Ya\u015f ve belli bir e\u011fitim d\u00fczeyine sahip olma limiti yoktur. Adaylar kendilerini haz\u0131r hissettikleri seviyeden s\u0131nava girebilirler. S\u0131navlar \u00f6zel bir \u00e7al\u0131\u015fma metoduna ba\u011fl\u0131 olarak ger\u00e7ekle\u015ftirilmez.<\/p>\n<p>\u0130talyan dilinizi bildi\u011finizi resmile\u015ftiren sertifikalar:<\/p>\n<p><a href=\"http:\/\/www.cvcl.it\/home.aspx\">Universit\u00e0 per Stranieri di Perugia<\/a>\u00a0(CELI \u2013 CIC)<br \/>\n<a href=\"http:\/\/www.unistrasi.it\/1\/498\/2434\/Certificazioni.htm\">Universit\u00e0 per Stranieri di Siena<\/a>\u00a0(CILS)<br \/>\n<a href=\"http:\/\/www.lingueletteratureculturestraniere.uniroma3.it\/\">Universit\u00e0 degli Studi Roma Tre<\/a>\u00a0(IT &#8211; ele.IT)<br \/>\n<a href=\"http:\/\/www.ladante.it\/\">Societ\u00e0 Dante Alighieri<\/a>\u00a0(PLIDA) .<\/p>\n<p><span class=\"titoloCategoria\"><br \/>\nSertifikalar\u0131n Avrupa Birli\u011fi Dil Kriterleriyle Denkli\u011fi<\/span><\/p>\n<table class=\"tableRed table\" border=\"0\" cellspacing=\"0\" cellpadding=\"0\">\n<tbody>\n<tr>\n<th class=\"titolorosso\" width=\"100\"><\/th>\n<th class=\"titolorosso\" width=\"100\">Perugia Yabanc\u0131lar \u00dcniversitesi<\/th>\n<td class=\"titolorosso\" width=\"100\">Siena Yabanc\u0131lar \u00dcniversitesi<\/td>\n<td class=\"titolorosso\" width=\"100\">Roma Tre \u00dcniversitesi<\/td>\n<td class=\"titolorosso\" width=\"100\">Dante Alighieri<\/td>\n<\/tr>\n<tr>\n<td class=\"tableRed\" width=\"100\"><span class=\"titoloRosso\">SEV\u0130YE\u00a0C2<br \/>\nPadronanza<\/span><\/td>\n<td class=\"tableRed\" width=\"100\">CELI 5<\/td>\n<td class=\"tableRed\" width=\"100\">CILS Quattro-C2<\/td>\n<td class=\"tableRed\" width=\"100\">IT<\/td>\n<td class=\"tableRed\" width=\"100\">PLIDA C2<\/td>\n<\/tr>\n<tr>\n<td class=\"tableRed\" width=\"100\"><span class=\"titoloRosso\">SEV\u0130YE\u00a0C1<br \/>\nEfficacia<\/span><\/td>\n<td class=\"tableRed\" width=\"100\">CELI 4<\/td>\n<td class=\"tableRed\" width=\"100\">CILS Tre-C1<\/td>\n<td class=\"tableRed\" width=\"100\">&#8212;&#8212;<\/td>\n<td class=\"tableRed\" width=\"100\">PLIDA C1<\/td>\n<\/tr>\n<tr>\n<td class=\"tableRed\" width=\"100\"><span class=\"titoloRosso\">SEV\u0130YE\u00a0B2<br \/>\n<\/span><span class=\"titoloRosso\">Progresso<br \/>\n<\/span><\/td>\n<td class=\"tableRed\" width=\"100\">CELI 3<\/td>\n<td class=\"tableRed\" width=\"100\">CILS Due B2<\/td>\n<td class=\"tableRed\" width=\"100\">&#8212;&#8212;<\/td>\n<td class=\"tableRed\" width=\"100\">PLIDA\u00a0B2<\/td>\n<\/tr>\n<tr>\n<td class=\"tableRed\" width=\"100\"><span class=\"titoloRosso\">SEV\u0130YE\u00a0B1<br \/>\nSoglia<\/span><\/td>\n<td class=\"tableRed\" width=\"100\">CELI 2<\/td>\n<td class=\"tableRed\" width=\"100\">CILS Uno B1<\/td>\n<td class=\"tableRed\" width=\"100\">ele.IT<\/td>\n<td class=\"tableRed\" width=\"100\">PLIDA B1<\/td>\n<\/tr>\n<tr>\n<td class=\"tableRed\" width=\"100\"><span class=\"titoloRosso\">SEV\u0130YE\u00a0A2<br \/>\nSopravvivenza<\/span><\/td>\n<td class=\"tableRed\" width=\"100\">CELI 1<\/td>\n<td class=\"tableRed\" width=\"100\">CILS A2<\/td>\n<td class=\"tableRed\" width=\"100\">&#8212;&#8212;<\/td>\n<td class=\"tableRed\" width=\"100\">PLIDA\u00a0A2<\/td>\n<\/tr>\n<tr>\n<td class=\"tableRed\" width=\"100\"><span class=\"titoloRosso\">SEV\u0130YE\u00a0A1<br \/>\nContatto<\/span><\/td>\n<td class=\"tableRed\" width=\"100\">CELI 1<\/td>\n<td class=\"tableRed\" width=\"100\">CILS A1<\/td>\n<td class=\"tableRed\" width=\"100\">&#8212;&#8212;<\/td>\n<td class=\"tableRed\" width=\"100\">PLIDA A1<\/td>\n<\/tr>\n<\/tbody>\n<\/table>\n<p>&nbsp;<\/p>\n","protected":false},"excerpt":{"rendered":"Yabanc\u0131 Dil olarak \u0130talyanca sertifikas\u0131 \u0130talyan H\u00fck\u00fcmeti taraf\u0131ndan resmi olarak tan\u0131nm\u0131\u015f, resmi bir belgedir.\u00a0Sertifika s\u0131navlar\u0131 a\u015fa\u011f\u0131da s\u0131ralanan kurulu\u015flar taraf\u0131ndan ger\u00e7ekle\u015ftirilmektedir. Belgeler \u00fcniversitelere kay\u0131t a\u015famas\u0131nda da kabul edilmektedir. Farkl\u0131 seviyelerde ger\u00e7ekle\u015ftirilen s\u0131navlar, farkl\u0131 ortam ve durumlarda ki\u015finin dili kullanma kapasitesini, ileti\u015fim yetene\u011fini \u00f6l\u00e7meye y\u00f6neliktir. T\u00fcm yabanc\u0131 \u00fclke ve yurtd\u0131\u015f\u0131nda yerle\u015fik \u0130talyan vatanda\u015flar\u0131, \u0130talya\u2019da ya\u015fayan g\u00f6\u00e7menler bu [&hellip;]","protected":false},"author":1,"featured_media":0,"parent":102,"menu_order":4,"comment_status":"closed","ping_status":"closed","template":"","meta":{"footnotes":""},"class_list":["post-133","page","type-page","status-publish","hentry"],"_links":{"self":[{"href":"https:\/\/iicistanbul.esteri.it\/tr\/wp-json\/wp\/v2\/pages\/133","targetHints":{"allow":["GET"]}}],"collection":[{"href":"https:\/\/iicistanbul.esteri.it\/tr\/wp-json\/wp\/v2\/pages"}],"about":[{"href":"https:\/\/iicistanbul.esteri.it\/tr\/wp-json\/wp\/v2\/types\/page"}],"author":[{"embeddable":true,"href":"https:\/\/iicistanbul.esteri.it\/tr\/wp-json\/wp\/v2\/users\/1"}],"replies":[{"embeddable":true,"href":"https:\/\/iicistanbul.esteri.it\/tr\/wp-json\/wp\/v2\/comments?post=133"}],"version-history":[{"count":1,"href":"https:\/\/iicistanbul.esteri.it\/tr\/wp-json\/wp\/v2\/pages\/133\/revisions"}],"predecessor-version":[{"id":6121,"href":"https:\/\/iicistanbul.esteri.it\/tr\/wp-json\/wp\/v2\/pages\/133\/revisions\/6121"}],"up":[{"embeddable":true,"href":"https:\/\/iicistanbul.esteri.it\/tr\/wp-json\/wp\/v2\/pages\/102"}],"wp:attachment":[{"href":"https:\/\/iicistanbul.esteri.it\/tr\/wp-json\/wp\/v2\/media?parent=133"}],"curies":[{"name":"wp","href":"https:\/\/api.w.org\/{rel}","templated":true}]}}