{"id":135,"date":"2023-04-03T20:56:47","date_gmt":"2023-04-03T17:56:47","guid":{"rendered":"https:\/\/iicistanbul.esteri.it\/lingua-e-cultura\/biblioteca\/"},"modified":"2024-09-09T12:17:21","modified_gmt":"2024-09-09T09:17:21","slug":"biblioteca","status":"publish","type":"page","link":"https:\/\/iicistanbul.esteri.it\/tr\/lingua-e-cultura\/biblioteca\/","title":{"rendered":"K\u00fct\u00fcphane"},"content":{"rendered":"<article id=\"articolo_centro\" class=\"col-md-15 col-sm-15 padding_articolo item-page\" role=\"main\" aria-label=\"articolo\">\n<div>\n<p>\u0130talyan K\u00fclt\u00fcr Merkezi K\u00fct\u00fcphanesi yakla\u015f\u0131k 12.000\u2019e kitaba sahip olup, \u0130talyan edebiyat\u0131, dilbilim, tiyatro, tarih, politika, ekonomi, sanat ve sanat tarihi, mimarl\u0131k, arkeoloji, vs. gibi konularda eserlere sahiptir.<\/p>\n<p><strong>K\u00fct\u00fcphanemizde online olarak kaynak taramak isterseniz buraya t\u0131klay\u0131n\u0131z:\u00a0<a href=\"http:\/\/www.bibliowin.it\/iic\/icis\/homepage.htm\" target=\"_blank\" rel=\"noopener\">http:\/\/www.bibliowin.it\/iic\/icis\/homepage.htm<\/a><\/strong><\/p>\n<p><span class=\"titoloRosso\">K\u00fct\u00fcphaneye giri\u015f ve yerinde inceleme<br \/>\n<\/span>K\u00fct\u00fcphane Pazartesiden ve Per\u015fembeye saat 09.30 &#8211; 13.00 ila 14.00 &#8211; 16.30 aras\u0131 a\u00e7\u0131kt\u0131r. Kay\u0131t \u00fccretsizdir.<\/p>\n<p><a href=\"https:\/\/iicistanbul.esteri.it\/wp-content\/uploads\/2024\/09\/TUR_Regolamento-Biblioteca_IIC_ISTANBUL.pdf\" target=\"_blank\" rel=\"noopener\">K\u00fct\u00fcphane y\u00f6netmeli\u011fi i\u00e7in buraya t\u0131klay\u0131n.<\/a><\/p>\n<p><span class=\"titoloRosso\">\u00d6d\u00fcn\u00e7 ve yerinde inceleme<\/span><br \/>\nKitaplar bir ay (30 g\u00fcn) s\u00fcreyle \u00f6d\u00fcn\u00e7 al\u0131nabilir ve bu s\u00fcre i\u00e7inde ba\u015fka bir okuyucu talep etmemi\u015f ise iki defaya mahsus, s\u00fcresi hen\u00fcz dolmam\u0131\u015fken elden veya e-posta yoluyla s\u00fcre uzat\u0131labilir.<\/p>\n<\/div>\n<hr \/>\n<div class=\"row\"><\/div>\n<\/article>\n<aside id=\"articolo_dx\" class=\"col-md-4 col-sm-4 col-xs-24\" role=\"complementary\" aria-label=\"approfondimenti\">\n<h4>Detayl\u0131 bilgi<\/h4>\n<p><a title=\"Online katalog\" href=\"http:\/\/www.bibliowin.it\/iic\/icis\/homepage.htm\">Online katalog<\/a><\/p>\n<p><a class=\"venobox vbox-item\" title=\"Umberto Eco ve Elif \u015eafak \" href=\"https:\/\/iicistanbul.esteri.it\/iic_istanbul\/resource\/img\/2016\/04\/biblioteca.jpg\" data-gall=\"maeciGallery\"><img decoding=\"async\" class=\"img-responsive\" title=\"Umberto Eco ve Elif \u015eafak \" src=\"https:\/\/iicistanbul.esteri.it\/iic_istanbul\/resource\/img\/2016\/04\/biblioteca.jpg\" alt=\"Umberto Eco ve Elif \u015eafak \" \/><span class=\"sr-only\">Umberto Eco ve Elif \u015eafak<\/span><\/a><\/p>\n<p><a title=\"Booksinitaly\" href=\"http:\/\/www.booksinitaly.it\/\"><img decoding=\"async\" class=\"img-responsive\" title=\"Booksinitaly\" src=\"https:\/\/iicistanbul.esteri.it\/iic_istanbul\/resource\/img\/2016\/04\/booksinitaly.png\" alt=\"Booksinitaly\" \/><span class=\"sr-only\">Booksinitaly<\/span><\/a><\/p>\n<div id=\"custom_html\"><\/div>\n<\/aside>\n<p><span class=\"testobianco\">43<\/span><\/p>\n","protected":false},"excerpt":{"rendered":"\u0130talyan K\u00fclt\u00fcr Merkezi K\u00fct\u00fcphanesi yakla\u015f\u0131k 12.000\u2019e kitaba sahip olup, \u0130talyan edebiyat\u0131, dilbilim, tiyatro, tarih, politika, ekonomi, sanat ve sanat tarihi, mimarl\u0131k, arkeoloji, vs. gibi konularda eserlere sahiptir. K\u00fct\u00fcphanemizde online olarak kaynak taramak isterseniz buraya t\u0131klay\u0131n\u0131z:\u00a0http:\/\/www.bibliowin.it\/iic\/icis\/homepage.htm K\u00fct\u00fcphaneye giri\u015f ve yerinde inceleme K\u00fct\u00fcphane Pazartesiden ve Per\u015fembeye saat 09.30 &#8211; 13.00 ila 14.00 &#8211; 16.30 aras\u0131 a\u00e7\u0131kt\u0131r. Kay\u0131t [&hellip;]","protected":false},"author":1,"featured_media":0,"parent":102,"menu_order":10,"comment_status":"closed","ping_status":"closed","template":"","meta":{"footnotes":""},"class_list":["post-135","page","type-page","status-publish","hentry"],"_links":{"self":[{"href":"https:\/\/iicistanbul.esteri.it\/tr\/wp-json\/wp\/v2\/pages\/135","targetHints":{"allow":["GET"]}}],"collection":[{"href":"https:\/\/iicistanbul.esteri.it\/tr\/wp-json\/wp\/v2\/pages"}],"about":[{"href":"https:\/\/iicistanbul.esteri.it\/tr\/wp-json\/wp\/v2\/types\/page"}],"author":[{"embeddable":true,"href":"https:\/\/iicistanbul.esteri.it\/tr\/wp-json\/wp\/v2\/users\/1"}],"replies":[{"embeddable":true,"href":"https:\/\/iicistanbul.esteri.it\/tr\/wp-json\/wp\/v2\/comments?post=135"}],"version-history":[{"count":1,"href":"https:\/\/iicistanbul.esteri.it\/tr\/wp-json\/wp\/v2\/pages\/135\/revisions"}],"predecessor-version":[{"id":13929,"href":"https:\/\/iicistanbul.esteri.it\/tr\/wp-json\/wp\/v2\/pages\/135\/revisions\/13929"}],"up":[{"embeddable":true,"href":"https:\/\/iicistanbul.esteri.it\/tr\/wp-json\/wp\/v2\/pages\/102"}],"wp:attachment":[{"href":"https:\/\/iicistanbul.esteri.it\/tr\/wp-json\/wp\/v2\/media?parent=135"}],"curies":[{"name":"wp","href":"https:\/\/api.w.org\/{rel}","templated":true}]}}