{"id":13688,"date":"2024-09-03T09:49:15","date_gmt":"2024-09-03T06:49:15","guid":{"rendered":"https:\/\/iicistanbul.esteri.it\/chi-siamo\/contatti\/netiquette-social-media\/"},"modified":"2024-09-03T09:54:58","modified_gmt":"2024-09-03T06:54:58","slug":"netiquette-social-media","status":"publish","type":"page","link":"https:\/\/iicistanbul.esteri.it\/tr\/chi-siamo\/contatti\/netiquette-social-media\/","title":{"rendered":"Sosyal Medya Netiquette"},"content":{"rendered":"<div class=\"entry-content\">\n<p>Bu \u0130talyan K\u00fclt\u00fcr Merkezi, faaliyetlerinin \u015feffafl\u0131\u011f\u0131n\u0131 ve bilgisini art\u0131rmak i\u00e7in sosyal medyay\u0131 kurumsal ama\u00e7larla kullan\u0131r: bilgilendirir, ileti\u015fim kurar, dinler ve kurumsal i\u00e7erik yay\u0131nlar.<\/p>\n<p>Yay\u0131nlanan i\u00e7erikler aras\u0131nda foto\u011fraflar, kurumsal videolar, bas\u0131n b\u00fcltenleri, hizmet bilgileri, bu kurumun faaliyetleriyle ilgili haberlerin yan\u0131 s\u0131ra vatanda\u015f kat\u0131l\u0131m\u0131 ve i\u015ftiraki i\u00e7in f\u0131rsatlar da yer almaktad\u0131r. Ki\u015fisel veriler, ilgili veri koruma mevzuat\u0131na uygun olarak kullan\u0131l\u0131r.<\/p>\n<p>Bu mekan, sosyal kanallar\u0131 arac\u0131l\u0131\u011f\u0131yla, di\u011fer kullan\u0131c\u0131lar taraf\u0131ndan yay\u0131nlanan kamu yarar\u0131 ve faydas\u0131 olan i\u00e7erik ve mesajlar\u0131 payla\u015fabilir ve aktarabilir.<\/p>\n<p>Bu \u0130talyan K\u00fclt\u00fcr Merkezi, sosyal medya profillerinde ileti\u015fim ve diyalog alanlar\u0131n\u0131 y\u00f6netmeyi taahh\u00fct etmekte ve kullan\u0131c\u0131lar\u0131ndan birka\u00e7 basit kurala uymalar\u0131n\u0131 istemektedir:<\/p>\n<ol>\n<li>Herkesin g\u00f6r\u00fc\u015flerini adil, \u00f6l\u00e7\u00fcl\u00fc ve sayg\u0131l\u0131 bir \u015fekilde ifade etmesi istenmektedir.<\/li>\n<li>Sosyal medyada herkes yay\u0131nlad\u0131\u011f\u0131 i\u00e7erikten ve ifade etti\u011fi g\u00f6r\u00fc\u015flerden sorumludur.<\/li>\n<li>Ancak, hakaret, kabal\u0131k, a\u015fa\u011f\u0131lama, tehdit ve genel olarak \u015fiddet i\u00e7eren veya karalay\u0131c\u0131 tutumlara m\u00fcsamaha g\u00f6sterilmeyecektir.<\/li>\n<li>Yay\u0131nlanan i\u00e7erik her zaman ki\u015fisel verilerin korunmas\u0131na sayg\u0131 g\u00f6stermelidir.<\/li>\n<li>Kamuyla ilgisi olmayan ve \u00fc\u00e7\u00fcnc\u00fc \u015fah\u0131slar\u0131n ki\u015fisel alanlar\u0131na zarar veren ger\u00e7eklere veya ayr\u0131nt\u0131lara at\u0131fta bulunmaktan ka\u00e7\u0131n\u0131lmal\u0131d\u0131r.<\/li>\n<li>Konular\u0131n bu forumun faaliyetleriyle ilgili olmas\u0131 temel bir gerekliliktir: bu alanlar\u0131n kurumsal ama\u00e7lar d\u0131\u015f\u0131nda kullan\u0131lmas\u0131 hi\u00e7bir \u015fekilde m\u00fcmk\u00fcn de\u011fildir.<\/li>\n<li>Her tart\u0131\u015fma belirli bir konuyla ba\u011flant\u0131l\u0131d\u0131r: t\u00fcm kat\u0131l\u0131mc\u0131lardan buna sayg\u0131 g\u00f6stermeleri, tart\u0131\u015fmay\u0131 genel ve geli\u015fig\u00fczel bir \u015fekilde geni\u015fletmekten ka\u00e7\u0131nmalar\u0131 istenir.<\/li>\n<li>Hi\u00e7bir \u015fekilde reklam, spam veya \u00f6zel \u00e7\u0131karlar\u0131n veya yasad\u0131\u015f\u0131 faaliyetlerin tan\u0131t\u0131m\u0131na m\u00fcsamaha g\u00f6sterilmeyecektir.<\/li>\n<li>Telif hakk\u0131n\u0131 ihlal eden i\u00e7eri\u011fe veya tescilli ticari markalar\u0131n izinsiz kullan\u0131m\u0131na izin verilmez.<\/li>\n<li>Her durumda, sosyal medyan\u0131n izin verdi\u011fi durumlarda, t\u00fcm g\u00f6nderiler, yorumlar veya sesli\/g\u00f6r\u00fcnt\u00fcl\u00fc materyaller personel taraf\u0131ndan kald\u0131r\u0131lacakt\u0131r.<\/li>\n<\/ol>\n<p>Uygunsuz bir dil ve\/veya tehdit edici, \u015fiddet i\u00e7eren, kaba veya sayg\u0131s\u0131z bir \u00fcslup sunmak; yasad\u0131\u015f\u0131 i\u00e7erik veya yasad\u0131\u015f\u0131 faaliyetleri te\u015fvik eden i\u00e7erik sunmak; sald\u0131rgan, yan\u0131lt\u0131c\u0131, endi\u015fe verici veya \u00fc\u00e7\u00fcnc\u00fc taraflar\u0131n haklar\u0131n\u0131 ihlal eden i\u00e7eri\u011fe sahip olmak; ki\u015fisel veri ve bilgileri if\u015fa etmek veya \u00fc\u00e7\u00fcnc\u00fc taraflar\u0131n itibar\u0131na zarar verebilecek veya zarar verebilecek m\u00fcstehcen, pornografik veya \u00e7ocuk pornografisi i\u00e7eren ya da kullan\u0131c\u0131lar\u0131n hassasiyetlerini rencide edebilecek i\u00e7erik bar\u0131nd\u0131rmak; cinsiyet, \u0131rk, etnik k\u00f6ken, dil, dini inan\u00e7, siyasi g\u00f6r\u00fc\u015f, cinsel y\u00f6nelim, ya\u015f, ki\u015fisel veya sosyal ko\u015fullar a\u00e7\u0131s\u0131ndan ayr\u0131mc\u0131 i\u00e7erik bar\u0131nd\u0131rmak; yasa d\u0131\u015f\u0131 faaliyetleri te\u015fvik etmek veya desteklemek, telif haklar\u0131n\u0131n korunmas\u0131n\u0131 ihlal etmek veya tescilli bir ticari markay\u0131 k\u00f6t\u00fcye kullanmak, g\u00f6nderilerin kald\u0131r\u0131lmas\u0131 ve kullan\u0131c\u0131n\u0131n profilinin k\u00fclt\u00fcr merkezi sayfa ve g\u00f6nderilerinden k\u0131s\u0131tlanmas\u0131na sebep verecektir.<\/p>\n<p>Bu ko\u015fullar\u0131 veya benimsenen ara\u00e7lar\u0131n politikalar\u0131nda yer alan ko\u015fullar\u0131 tekrar tekrar ihlal edenler i\u00e7in, bu mekan, MAECI&#8217;nin Sosyal Medya Politikas\u0131 ile tutarl\u0131 olarak, daha fazla eylemi \u00f6nlemek i\u00e7in yasaklama veya engelleme (ilk uyar\u0131dan sonra m\u00fcmk\u00fcn oldu\u011funda) kullanma ve kullan\u0131c\u0131y\u0131 platform y\u00f6neticilerine ve adli mercilere bildirme hakk\u0131n\u0131 sakl\u0131 tutar.<\/p>\n<p>Bu site, mevcut kaynaklar\u0131n\u0131n s\u0131n\u0131rlar\u0131 dahilinde, sosyal profilleri arac\u0131l\u0131\u011f\u0131yla kullan\u0131c\u0131larla etkile\u015fime girer. Ancak bunlar, halk\u0131n bilgi ve yard\u0131m hizmetlerine eri\u015fimi i\u00e7in ola\u011fan kanallar\u0131n yerini almaz. Web sitesinin \u00f6zel b\u00f6l\u00fcm\u00fcnde belirtildi\u011fi \u015fekilde ofisimizle <a href=\"https:\/\/iicistanbul.esteri.it\/tr\/chi-siamo\/contatti\/\">ileti\u015fime ge\u00e7ebilirsiniz.<\/a><\/p>\n<\/div>\n","protected":false},"excerpt":{"rendered":"Bu \u0130talyan K\u00fclt\u00fcr Merkezi, faaliyetlerinin \u015feffafl\u0131\u011f\u0131n\u0131 ve bilgisini art\u0131rmak i\u00e7in sosyal medyay\u0131 kurumsal ama\u00e7larla kullan\u0131r: bilgilendirir, ileti\u015fim kurar, dinler ve kurumsal i\u00e7erik yay\u0131nlar. Yay\u0131nlanan i\u00e7erikler aras\u0131nda foto\u011fraflar, kurumsal videolar, bas\u0131n b\u00fcltenleri, hizmet bilgileri, bu kurumun faaliyetleriyle ilgili haberlerin yan\u0131 s\u0131ra vatanda\u015f kat\u0131l\u0131m\u0131 ve i\u015ftiraki i\u00e7in f\u0131rsatlar da yer almaktad\u0131r. Ki\u015fisel veriler, ilgili veri koruma mevzuat\u0131na [&hellip;]","protected":false},"author":3,"featured_media":0,"parent":124,"menu_order":3,"comment_status":"closed","ping_status":"closed","template":"","meta":{"footnotes":""},"class_list":["post-13688","page","type-page","status-publish","hentry"],"_links":{"self":[{"href":"https:\/\/iicistanbul.esteri.it\/tr\/wp-json\/wp\/v2\/pages\/13688","targetHints":{"allow":["GET"]}}],"collection":[{"href":"https:\/\/iicistanbul.esteri.it\/tr\/wp-json\/wp\/v2\/pages"}],"about":[{"href":"https:\/\/iicistanbul.esteri.it\/tr\/wp-json\/wp\/v2\/types\/page"}],"author":[{"embeddable":true,"href":"https:\/\/iicistanbul.esteri.it\/tr\/wp-json\/wp\/v2\/users\/3"}],"replies":[{"embeddable":true,"href":"https:\/\/iicistanbul.esteri.it\/tr\/wp-json\/wp\/v2\/comments?post=13688"}],"version-history":[{"count":2,"href":"https:\/\/iicistanbul.esteri.it\/tr\/wp-json\/wp\/v2\/pages\/13688\/revisions"}],"predecessor-version":[{"id":13691,"href":"https:\/\/iicistanbul.esteri.it\/tr\/wp-json\/wp\/v2\/pages\/13688\/revisions\/13691"}],"up":[{"embeddable":true,"href":"https:\/\/iicistanbul.esteri.it\/tr\/wp-json\/wp\/v2\/pages\/124"}],"wp:attachment":[{"href":"https:\/\/iicistanbul.esteri.it\/tr\/wp-json\/wp\/v2\/media?parent=13688"}],"curies":[{"name":"wp","href":"https:\/\/api.w.org\/{rel}","templated":true}]}}