{"id":137,"date":"2023-04-03T20:55:55","date_gmt":"2023-04-03T17:55:55","guid":{"rendered":"https:\/\/iicistanbul.esteri.it\/lingua-e-cultura\/borse-di-studio\/"},"modified":"2023-06-26T12:19:12","modified_gmt":"2023-06-26T09:19:12","slug":"borse-di-studio","status":"publish","type":"page","link":"https:\/\/iicistanbul.esteri.it\/tr\/lingua-e-cultura\/borse-di-studio\/","title":{"rendered":"Burslar"},"content":{"rendered":"<p><strong>Burslar ve E\u011fitim Destekleri<\/strong><\/p>\n<p><strong>\u0130talyan D\u0131\u015fi\u015fleri ve Uluslararas\u0131 \u0130\u015fbirli\u011fi Bakanl\u0131\u011f\u0131<\/strong> her y\u0131l d\u00fcnyan\u0131n bir\u00e7ok \u00fclkesinden \u0130talyan ve yabanc\u0131 \u00fcniversite \u00f6\u011frencilerine burs vermektedir.<\/p>\n<p>Bakanl\u0131\u011f\u0131m\u0131z b\u00fcnyesinde verilen burslara a\u015fa\u011f\u0131dan ula\u015fabilirsiniz:<\/p>\n<p><a href=\"https:\/\/www.esteri.it\/it\/opportunita\/borse-di-studio\/di_studio\/\">\u0130talyan \u00f6\u011frenciler i\u00e7in burslar<\/a><\/p>\n<p><a href=\"https:\/\/www.esteri.it\/it\/opportunita\/borse-di-studio\/per-cittadini-stranieri\/borsestudio_stranieri\/\">Yabanc\u0131lar ve yurtd\u0131\u015f\u0131nda ya\u015fayan \u0130talyan \u00f6\u011frenciler i\u00e7in burslar<\/a><\/p>\n","protected":false},"excerpt":{"rendered":"Burslar ve E\u011fitim Destekleri \u0130talyan D\u0131\u015fi\u015fleri ve Uluslararas\u0131 \u0130\u015fbirli\u011fi Bakanl\u0131\u011f\u0131 her y\u0131l d\u00fcnyan\u0131n bir\u00e7ok \u00fclkesinden \u0130talyan ve yabanc\u0131 \u00fcniversite \u00f6\u011frencilerine burs vermektedir. Bakanl\u0131\u011f\u0131m\u0131z b\u00fcnyesinde verilen burslara a\u015fa\u011f\u0131dan ula\u015fabilirsiniz: \u0130talyan \u00f6\u011frenciler i\u00e7in burslar Yabanc\u0131lar ve yurtd\u0131\u015f\u0131nda ya\u015fayan \u0130talyan \u00f6\u011frenciler i\u00e7in burslar","protected":false},"author":1,"featured_media":0,"parent":102,"menu_order":2,"comment_status":"closed","ping_status":"closed","template":"","meta":{"footnotes":""},"class_list":["post-137","page","type-page","status-publish","hentry"],"_links":{"self":[{"href":"https:\/\/iicistanbul.esteri.it\/tr\/wp-json\/wp\/v2\/pages\/137","targetHints":{"allow":["GET"]}}],"collection":[{"href":"https:\/\/iicistanbul.esteri.it\/tr\/wp-json\/wp\/v2\/pages"}],"about":[{"href":"https:\/\/iicistanbul.esteri.it\/tr\/wp-json\/wp\/v2\/types\/page"}],"author":[{"embeddable":true,"href":"https:\/\/iicistanbul.esteri.it\/tr\/wp-json\/wp\/v2\/users\/1"}],"replies":[{"embeddable":true,"href":"https:\/\/iicistanbul.esteri.it\/tr\/wp-json\/wp\/v2\/comments?post=137"}],"version-history":[{"count":0,"href":"https:\/\/iicistanbul.esteri.it\/tr\/wp-json\/wp\/v2\/pages\/137\/revisions"}],"up":[{"embeddable":true,"href":"https:\/\/iicistanbul.esteri.it\/tr\/wp-json\/wp\/v2\/pages\/102"}],"wp:attachment":[{"href":"https:\/\/iicistanbul.esteri.it\/tr\/wp-json\/wp\/v2\/media?parent=137"}],"curies":[{"name":"wp","href":"https:\/\/api.w.org\/{rel}","templated":true}]}}