{"id":143,"date":"2023-04-03T20:52:42","date_gmt":"2023-04-03T17:52:42","guid":{"rendered":"https:\/\/iicistanbul.esteri.it\/gli_eventi\/calendario\/"},"modified":"2024-11-20T19:39:43","modified_gmt":"2024-11-20T16:39:43","slug":"calendario","status":"publish","type":"page","link":"https:\/\/iicistanbul.esteri.it\/tr\/gli_eventi\/calendario\/","title":{"rendered":"Programdaki etkinlik"},"content":{"rendered":"        <div class=\"row\">\n\t\t\t<!-- Ricerca sedi post -->\n\t\t\t<div class=\"col-12 mt-4\">\n\t\t\t  <div class=\"callout callout-highlight note ricerca-esteri p-4\">\n                    <div class=\"callout-title\">\n                        <svg class=\"icon\">\n                            <use xlink:href=\"https:\/\/iicistanbul.esteri.it\/wp-content\/themes\/sedi-tema\/assets\/svg\/sprites.svg#it-search\"><\/use>\n                        <\/svg>Arama parametrelerini girin                    <\/div>\n                    <form id=\"searchFormPost\" name=\"form-search-post\" class=\"form-row align-items-center\" action=\"https:\/\/iicistanbul.esteri.it\/tr\/wp-json\/wp\/v2\/pages\/143\/\" method=\"GET\"> \n                        <!-- <div class=\"form-group pt-5\"> -->\n                            <!-- <input type=\"hidden\" id=\"lang\" name=\"lang\" value=\"\"> --> <!-- <\/div> -->\n\n                        <div class=\"it-datepicker-wrapper\">\n                            <div class=\"row\">\n                                <div class=\"form-group col-md-6\">\n                                    <label class=\"active\" for=\"date-init\">Ba\u015flang\u0131\u00e7<\/label>\n                                    <input class=\"form-control\" name=\"date-init\" id=\"date-init\" type=\"date\" placeholder=\"gg\/mm\/aaaa\" value=\"\"lang=\"en-EN\">  \n                                <\/div>\n                                <div class=\"form-group col-md-6\">\n                                    <label class=\"active\" for=\"date-end\">Biti\u015f<\/label>\n                                    <input class=\"form-control\" name=\"date-end\" id=\"date-end\" type=\"date\" placeholder=\"gg\/mm\/aaaa\" value=\"\">\n                                <\/div>\n                            <\/div>\n                        <\/div>\n                        <div class=\"form-group col-md-12 mt-3\">\n                            <label for=\"searchText\">Serbest arama alan\u0131<\/label>\n                            <input type=\"text\" name=\"searchText\" class=\"form-control\" id=\"searchText\" value=\"\">\n                        <\/div>\n                        <div class=\"form-group col-md-4 offset-md-8 text-end\">\n                            <a href=\"https:\/\/iicistanbul.esteri.it\/tr\/gli_eventi\/calendario\/\" title=\"Form reset\" id=\"resetImput\" class=\"btn btn-outline-primary btn-xs\">Reset<\/a>\n                            <button type=\"submit\" class=\"btn btn-primary btn-xs\">Sonu\u00e7lar\u0131 g\u00f6ster<\/button>\n                        <\/div>\n                    <\/form>\n\t\t\t\t<\/div>\n\t\t\t<\/div>\n\t\t<\/div>\n                    \n            <div class=\"row\">\n                            <div class=\"col-12 mt-3\">\n                <!--start card-->\n                <div class=\"card-wrapper card-space\">\n                    <div class=\"card card-bg card-big border-bottom-card\">\n                        <div class=\"card-body row\">\n                                                    <div class=\"col-sm-3\">\n                                <div class=\"img-responsive\">\n                                    <figure class=\"img-wrapper\">\n                                        <a href=\"https:\/\/iicistanbul.esteri.it\/tr\/gli_eventi\/calendario\/cinema-una-figlia-2025-giornate-del-cinema-internazionale-di-beyoglu\/\" title=\"Makaleyi oku: Sinema: \u201cK\u0131z\u0131m\u201d (2025) | 2. Beyo\u011flu Film G\u00fcnleri\">\n                                                                                            <img loading=\"lazy\" decoding=\"async\" width=\"240\" height=\"300\" src=\"https:\/\/iicistanbul.esteri.it\/wp-content\/uploads\/2026\/05\/Una-Figlia-240x300.jpg\" srcset=\"https:\/\/iicistanbul.esteri.it\/wp-content\/uploads\/2026\/05\/Una-Figlia.jpg 1024w, https:\/\/iicistanbul.esteri.it\/wp-content\/uploads\/2026\/05\/Una-Figlia-240x300.jpg 240w, https:\/\/iicistanbul.esteri.it\/wp-content\/uploads\/2026\/05\/Una-Figlia-819x1024.jpg 819w, https:\/\/iicistanbul.esteri.it\/wp-content\/uploads\/2026\/05\/Una-Figlia-768x960.jpg 768w\" sizes=\"auto, (max-width: 1024px) 100vw, 1024px\"  title=\"Una Figlia\" alt=\"\" class=\"img-fluid\">\n                                                                                    <\/a>\n                                    <\/figure>\n                                <\/div>\n                            <\/div>\n                            <div class=\"col-sm-9\">\n                                                            <div class=\"category-top\">\n                                    <span class=\"fw-bold text-success\">Devam etmekte<\/span>                                                                        <span class=\"data\">\n                                        <svg class=\"icon icon-secondary\">\n                                            <use xlink:href=\"https:\/\/iicistanbul.esteri.it\/wp-content\/themes\/sedi-tema\/assets\/svg\/sprites.svg#it-calendar\"><\/use>\n                                        <\/svg> Paz May 10 2026                                    <\/span>\n                                                                    <\/div>\n                            <h5 class=\"card-title big-heading text-uppercase\"><a class=\"text-body text-decoration-none\" href=\"https:\/\/iicistanbul.esteri.it\/tr\/gli_eventi\/calendario\/cinema-una-figlia-2025-giornate-del-cinema-internazionale-di-beyoglu\/\" title=\"Sinema: \u201cK\u0131z\u0131m\u201d (2025) | 2. Beyo\u011flu Film G\u00fcnleri\">Sinema: \u201cK\u0131z\u0131m\u201d (2025) | 2. Beyo\u011flu Film G\u00fcnleri<\/a><\/h5>\n                            <p class=\"card-text\">Beyo\u011flu Uluslararas\u0131 Film G\u00fcnleri\u2019nin ikinci edisyonu kapsam\u0131nda, \u0130stanbul \u0130talyan K\u00fclt\u00fcr Merkezi program\u0131na Ivano De Matteo imzal\u0131 \u201cUna figlia\u201d filminin g\u00f6sterimiyle kat\u0131l\u0131yor. 2025 y\u0131l\u0131nda \u0130talya\u2019da \u00e7ekilen, 103 dakika uzunlu\u011fundaki ve 13 ya\u015f ve \u00fczeri izleyicilere y\u00f6nelik olan film, dramatik t\u00fcrde olup aile ba\u011flar\u0131, yas ve b\u00fcy\u00fcmenin zorluklar\u0131 \u00fczerine yo\u011fun ve etkileyici bir anlat\u0131m sunuyor. \u201cUna figlia\u201d, [&hellip;]<\/p>\n                                <a title=\"Sinema: \u201cK\u0131z\u0131m\u201d (2025) | 2. Beyo\u011flu Film G\u00fcnleri\" class=\"read-more\" href=\"https:\/\/iicistanbul.esteri.it\/tr\/gli_eventi\/calendario\/cinema-una-figlia-2025-giornate-del-cinema-internazionale-di-beyoglu\/\">\n                                    <span class=\"text\">Devam\u0131n\u0131 oku<\/span>\n                                    <svg class=\"icon\">\n                                    <use xlink:href=\"https:\/\/iicistanbul.esteri.it\/wp-content\/themes\/sedi-tema\/assets\/svg\/sprites.svg#it-arrow-right\"><\/use>\n                                    <\/svg>\n                                <\/a>\n                                                        <\/div>\n                                                    <\/div>\n                    <\/div>\n                <\/div>\n                <!--end card-->\n                <\/div><!-- col-12 .mt-3-->\n                            <div class=\"col-12 mt-3\">\n                <!--start card-->\n                <div class=\"card-wrapper card-space\">\n                    <div class=\"card card-bg card-big border-bottom-card\">\n                        <div class=\"card-body row\">\n                                                    <div class=\"col-sm-3\">\n                                <div class=\"img-responsive\">\n                                    <figure class=\"img-wrapper\">\n                                        <a href=\"https:\/\/iicistanbul.esteri.it\/tr\/gli_eventi\/calendario\/simona-severini-ft-yuruyen-merdiven-paribuart\/\" title=\"Makaleyi oku: Simona Severini ft. Y\u00fcr\u00fcyen Merdiven @PARIBUART\">\n                                                                                            <img loading=\"lazy\" decoding=\"async\" width=\"300\" height=\"169\" src=\"https:\/\/iicistanbul.esteri.it\/wp-content\/uploads\/2026\/05\/Desktop-84-1536x864-1-300x169.jpg\" srcset=\"https:\/\/iicistanbul.esteri.it\/wp-content\/uploads\/2026\/05\/Desktop-84-1536x864-1.jpg 1536w, https:\/\/iicistanbul.esteri.it\/wp-content\/uploads\/2026\/05\/Desktop-84-1536x864-1-300x169.jpg 300w, https:\/\/iicistanbul.esteri.it\/wp-content\/uploads\/2026\/05\/Desktop-84-1536x864-1-1024x576.jpg 1024w, https:\/\/iicistanbul.esteri.it\/wp-content\/uploads\/2026\/05\/Desktop-84-1536x864-1-768x432.jpg 768w\" sizes=\"auto, (max-width: 1536px) 100vw, 1536px\"  title=\"Desktop-84-1536&#215;864\" alt=\"\" class=\"img-fluid\">\n                                                                                    <\/a>\n                                    <\/figure>\n                                <\/div>\n                            <\/div>\n                            <div class=\"col-sm-9\">\n                                                            <div class=\"category-top\">\n                                    <span class=\"fw-bold \"><\/span>                                                                        <span class=\"\">\n                                        <svg class=\"icon icon-secondary\">\n                                            <use xlink:href=\"https:\/\/iicistanbul.esteri.it\/wp-content\/themes\/sedi-tema\/assets\/svg\/sprites.svg#it-calendar\"><\/use>\n                                        <\/svg> Paz May 17 2026                                    <\/span>\n                                                                    <\/div>\n                            <h5 class=\"card-title big-heading text-uppercase\"><a class=\"text-body text-decoration-none\" href=\"https:\/\/iicistanbul.esteri.it\/tr\/gli_eventi\/calendario\/simona-severini-ft-yuruyen-merdiven-paribuart\/\" title=\"Simona Severini ft. Y\u00fcr\u00fcyen Merdiven @PARIBUART\">Simona Severini ft. Y\u00fcr\u00fcyen Merdiven @PARIBUART<\/a><\/h5>\n                            <p class=\"card-text\">\u0130talyan K\u00fclt\u00fcr Merkezi, \u201cSimona Severini feat. Y\u00fcr\u00fcyen Merdiven\u201d konserini gururla sunar. \u0130talyan \u015fark\u0131 gelene\u011fi ile \u00e7a\u011fda\u015f caz\u0131n \u00f6zg\u00fcn bir bulu\u015fmas\u0131n\u0131 sahneye ta\u015f\u0131yan konserde, \u0130talyan m\u00fczik sahnesinin \u00e7ok y\u00f6nl\u00fc sanat\u00e7\u0131lar\u0131ndan Simona Severini, Y\u00fcr\u00fcyen Merdiven ile birlikte sahne al\u0131yor. \u0130talyanca ve T\u00fcrk\u00e7e aras\u0131nda kurulan dinamik bir diyalog e\u015fli\u011finde, \u00f6zg\u00fcn besteler ve caz standartlar\u0131n\u0131n \u00e7a\u011fda\u015f yorumlar\u0131 dinleyiciyle bulu\u015fuyor. [&hellip;]<\/p>\n                                <a title=\"Simona Severini ft. Y\u00fcr\u00fcyen Merdiven @PARIBUART\" class=\"read-more\" href=\"https:\/\/iicistanbul.esteri.it\/tr\/gli_eventi\/calendario\/simona-severini-ft-yuruyen-merdiven-paribuart\/\">\n                                    <span class=\"text\">Devam\u0131n\u0131 oku<\/span>\n                                    <svg class=\"icon\">\n                                    <use xlink:href=\"https:\/\/iicistanbul.esteri.it\/wp-content\/themes\/sedi-tema\/assets\/svg\/sprites.svg#it-arrow-right\"><\/use>\n                                    <\/svg>\n                                <\/a>\n                                                        <\/div>\n                                                    <\/div>\n                    <\/div>\n                <\/div>\n                <!--end card-->\n                <\/div><!-- col-12 .mt-3-->\n            \n            <div class=\"col-md-12 mt-4 pb-4\">\n                <nav class=\"navigation col-md-12\" aria-label=\"Navigation\">\n                    <h2 class=\"screen-reader-text visually-hidden\">Sayfaland\u0131rma<\/h2>\n                    <div class=\"nav-links\">\n                                        <\/div>\n                <\/nav>\n            <\/div>   <!--.col-md-12 -->\n              <\/div><!--.row -->\n              \n","protected":false},"excerpt":{"rendered":"","protected":false},"author":1,"featured_media":0,"parent":103,"menu_order":0,"comment_status":"closed","ping_status":"closed","template":"","meta":{"footnotes":""},"class_list":["post-143","page","type-page","status-publish","hentry"],"_links":{"self":[{"href":"https:\/\/iicistanbul.esteri.it\/tr\/wp-json\/wp\/v2\/pages\/143","targetHints":{"allow":["GET"]}}],"collection":[{"href":"https:\/\/iicistanbul.esteri.it\/tr\/wp-json\/wp\/v2\/pages"}],"about":[{"href":"https:\/\/iicistanbul.esteri.it\/tr\/wp-json\/wp\/v2\/types\/page"}],"author":[{"embeddable":true,"href":"https:\/\/iicistanbul.esteri.it\/tr\/wp-json\/wp\/v2\/users\/1"}],"replies":[{"embeddable":true,"href":"https:\/\/iicistanbul.esteri.it\/tr\/wp-json\/wp\/v2\/comments?post=143"}],"version-history":[{"count":1,"href":"https:\/\/iicistanbul.esteri.it\/tr\/wp-json\/wp\/v2\/pages\/143\/revisions"}],"predecessor-version":[{"id":15043,"href":"https:\/\/iicistanbul.esteri.it\/tr\/wp-json\/wp\/v2\/pages\/143\/revisions\/15043"}],"up":[{"embeddable":true,"href":"https:\/\/iicistanbul.esteri.it\/tr\/wp-json\/wp\/v2\/pages\/103"}],"wp:attachment":[{"href":"https:\/\/iicistanbul.esteri.it\/tr\/wp-json\/wp\/v2\/media?parent=143"}],"curies":[{"name":"wp","href":"https:\/\/api.w.org\/{rel}","templated":true}]}}