{"id":250,"date":"2023-06-26T12:38:06","date_gmt":"2023-06-26T09:38:06","guid":{"rendered":"https:\/\/iicistanbul.esteri.it\/news\/multimedia\/le-nostre-pubblicazioni\/"},"modified":"2025-05-13T10:54:45","modified_gmt":"2025-05-13T07:54:45","slug":"le-nostre-pubblicazioni","status":"publish","type":"page","link":"https:\/\/iicistanbul.esteri.it\/tr\/news\/multimedia\/le-nostre-pubblicazioni\/","title":{"rendered":"Yay\u0131nlar\u0131m\u0131z"},"content":{"rendered":"<p>2020 y\u0131l\u0131ndan itibaren, k\u00fclt\u00fcr merkezimiz ayn\u0131 zamanda kendi yay\u0131nlar\u0131n\u0131 da \u00fcretmeye ba\u015flad\u0131.<\/p>\n<p>A\u015fa\u011f\u0131daki kitaplar\u0131m\u0131z\u0131 \u00fccretsiz olarak indirebilirsiniz:<\/p>\n<p><a href=\"https:\/\/iicistanbul.esteri.it\/wp-content\/uploads\/2025\/05\/PIETROCANONICAdigital_compressed.pdf\" target=\"_blank\" rel=\"noopener\"><strong>Pietro Canonica ve Mustafa Kemal Atat\u00fcrk. T\u00fcrkiye Cumhuriyeti&#8217;nin ilk y\u0131llar\u0131nda \u0130talyan varl\u0131\u011f\u0131.<\/strong><\/a><\/p>\n<p><a href=\"https:\/\/iicistanbul.esteri.it\/wp-content\/uploads\/2025\/05\/PIETROCANONICAdigital_compressed.pdf\" target=\"_blank\" rel=\"noopener\"><img loading=\"lazy\" decoding=\"async\" class=\" img-fluid alignleft wp-image-16525 size-medium\" src=\"https:\/\/iicistanbul.esteri.it\/wp-content\/uploads\/2025\/05\/PIETROCANONICAdigital-1-213x300.jpg\" alt=\"\" width=\"213\" height=\"300\" srcset=\"https:\/\/iicistanbul.esteri.it\/wp-content\/uploads\/2025\/05\/PIETROCANONICAdigital-1-213x300.jpg 213w, https:\/\/iicistanbul.esteri.it\/wp-content\/uploads\/2025\/05\/PIETROCANONICAdigital-1-726x1024.jpg 726w, https:\/\/iicistanbul.esteri.it\/wp-content\/uploads\/2025\/05\/PIETROCANONICAdigital-1-768x1083.jpg 768w, https:\/\/iicistanbul.esteri.it\/wp-content\/uploads\/2025\/05\/PIETROCANONICAdigital-1.jpg 1152w\" sizes=\"auto, (max-width: 213px) 100vw, 213px\" \/><\/a><\/p>\n<p>Bu kitap, T\u00fcrkiye Cumhuriyeti&#8217;nin Y\u00fcz\u00fcnc\u00fc Y\u0131l\u0131 vesilesiyle Pietro Canonica ve Mustafa Kemal Atat\u00fcrk&#8217; adanm\u0131\u015f uluslararas\u0131 konferansta davetli konu\u015fmac\u0131lar\u0131n konu\u015fmalar\u0131n\u0131 bir araya getiriyor. \u0130talyan K\u00fclt\u00fcr Merkezi\u2019nin ev sahipli\u011finde d\u00fczenlenen konferansta, Torinolu heykelt\u0131ra\u015f Pietro Canonica&#8217;n\u0131n Atat\u00fcrk&#8217;\u00fcn hizmetindeki \u00f6nemli sanatsal ve k\u00fclt\u00fcrel katk\u0131s\u0131 kutland\u0131 ve ayn\u0131 zamanda T\u00fcrkiye Cumhuriyeti&#8217;nin ilk y\u0131llar\u0131ndaki \u00f6nemli \u0130talyan varl\u0131\u011f\u0131 vurguland\u0131.<\/p>\n<p><em>T\u00fcm haklar\u0131 sakl\u0131d\u0131r. K\u0131smen \u00e7o\u011falt\u0131lmas\u0131 bile yasakt\u0131r.\u00a0<\/em><\/p>\n<p><strong><a href=\"https:\/\/drive.google.com\/file\/d\/1BH7ymLqL6GEGUU-1b--_LlGNqeyOQEPh\/view?usp=sharing\" target=\"_blank\" rel=\"noopener\">Miras\u0131n tarihsel yeniden yap\u0131lanmas\u0131 ve de\u011ferlendirilmesi \u00fczerine arkeolojik ara\u015ft\u0131rma<\/a><\/strong><\/p>\n<p><a href=\"https:\/\/drive.google.com\/file\/d\/1BH7ymLqL6GEGUU-1b--_LlGNqeyOQEPh\/view?usp=sharing\" target=\"_blank\" rel=\"noopener\"><img loading=\"lazy\" decoding=\"async\" class=\" img-fluid alignleft wp-image-15277 size-medium\" src=\"https:\/\/iicistanbul.esteri.it\/wp-content\/uploads\/2024\/12\/COVER_MOD_LIBRO-TURCHIA_A4_05092024-1-211x300.png\" alt=\"\" width=\"211\" height=\"300\" srcset=\"https:\/\/iicistanbul.esteri.it\/wp-content\/uploads\/2024\/12\/COVER_MOD_LIBRO-TURCHIA_A4_05092024-1-211x300.png 211w, https:\/\/iicistanbul.esteri.it\/wp-content\/uploads\/2024\/12\/COVER_MOD_LIBRO-TURCHIA_A4_05092024-1-719x1024.png 719w, https:\/\/iicistanbul.esteri.it\/wp-content\/uploads\/2024\/12\/COVER_MOD_LIBRO-TURCHIA_A4_05092024-1-768x1094.png 768w, https:\/\/iicistanbul.esteri.it\/wp-content\/uploads\/2024\/12\/COVER_MOD_LIBRO-TURCHIA_A4_05092024-1.png 1231w\" sizes=\"auto, (max-width: 211px) 100vw, 211px\" \/><\/a><\/p>\n<p>XIII. T\u00fcrkiye\u2019deki arkeolojik \u00e7al\u0131\u015fmalara e\u011fitim, ara\u015ft\u0131rma ve kaz\u0131\u2019da \u0130talya katk\u0131s\u0131 sempozyumu , Sempozyum bildirileri 2022<\/p>\n<p><em>T\u00fcm haklar\u0131 sakl\u0131d\u0131r. K\u0131smen \u00e7o\u011falt\u0131lmas\u0131 bile yasakt\u0131r.\u00a0<\/em><\/p>\n<p>&nbsp;<\/p>\n<p><strong><a href=\"https:\/\/drive.google.com\/file\/d\/1XtFwdoOZA_LYV26izz0oOL56c5830mYf\/view?usp=sharing\" target=\"_blank\" rel=\"noopener\">Marco Polo Alfabesi, Venedik ve \u0130stanbul<\/a><\/strong><\/p>\n<p><a href=\"https:\/\/iicistanbul.esteri.it\/wp-content\/uploads\/2023\/11\/Italyan-Kultur-Merkezi-Arkeoloji-Sempozyumu-Bildirileri-2021.pdf\" target=\"_blank\" rel=\"noopener\"><img loading=\"lazy\" decoding=\"async\" class=\" img-fluid alignnone wp-image-13514 size-medium\" src=\"https:\/\/iicistanbul.esteri.it\/wp-content\/uploads\/2024\/07\/LIBRO-MARCO-POLO-venezia-istanbul_definitivo_A4-1-211x300.jpg\" alt=\"\" width=\"211\" height=\"300\" srcset=\"https:\/\/iicistanbul.esteri.it\/wp-content\/uploads\/2024\/07\/LIBRO-MARCO-POLO-venezia-istanbul_definitivo_A4-1-211x300.jpg 211w, https:\/\/iicistanbul.esteri.it\/wp-content\/uploads\/2024\/07\/LIBRO-MARCO-POLO-venezia-istanbul_definitivo_A4-1-722x1024.jpg 722w, https:\/\/iicistanbul.esteri.it\/wp-content\/uploads\/2024\/07\/LIBRO-MARCO-POLO-venezia-istanbul_definitivo_A4-1-768x1090.jpg 768w, https:\/\/iicistanbul.esteri.it\/wp-content\/uploads\/2024\/07\/LIBRO-MARCO-POLO-venezia-istanbul_definitivo_A4-1.jpg 874w\" sizes=\"auto, (max-width: 211px) 100vw, 211px\" \/><\/a><\/p>\n<p class=\"_ap3a _aaco _aacu _aacx _aad7 _aade\" dir=\"auto\">Marco Polo Alfabesi\/Alfabeto Marco Polo Bar\u0131\u015f El\u00e7isi \u00c7ocuk Sergisi, Venedikli \u2018Bar\u0131\u015f Bal\u0131\u011f\u0131\u2019 derne\u011finin Venedik Belediyesinin himayelerinde organize etti\u011fi ve bask\u0131s\u0131 \u0130talyan K\u00fclt\u00fcr Merkezi taraf\u0131ndan ger\u00e7ekle\u015ftirilen, 1000 T\u00fcrk-\u0130talyan \u00e7ocu\u011funun resim sergisi.<\/p>\n<p><em>T\u00fcm haklar\u0131 sakl\u0131d\u0131r. K\u0131smen \u00e7o\u011falt\u0131lmas\u0131 bile yasakt\u0131r.\u00a0<\/em><\/p>\n<p>&nbsp;<\/p>\n<p><strong><a href=\"https:\/\/iicistanbul.esteri.it\/wp-content\/uploads\/2023\/11\/Italyan-Kultur-Merkezi-Arkeoloji-Sempozyumu-Bildirileri-2021.pdf\" target=\"_blank\" rel=\"noopener\">Eski Anadolu\u2019nun maddi k\u00fclt\u00fcr\u00fcnde sanat, i\u015flev ve semboller<\/a><\/strong><\/p>\n<p><a href=\"https:\/\/iicistanbul.esteri.it\/wp-content\/uploads\/2023\/11\/Italyan-Kultur-Merkezi-Arkeoloji-Sempozyumu-Bildirileri-2021.pdf\" target=\"_blank\" rel=\"noopener\"><img loading=\"lazy\" decoding=\"async\" class=\" img-fluid alignnone wp-image-6230\" src=\"https:\/\/iicistanbul.esteri.it\/wp-content\/uploads\/2023\/11\/Arkeokitap2021.jpg\" alt=\"\" width=\"231\" height=\"326\" srcset=\"https:\/\/iicistanbul.esteri.it\/wp-content\/uploads\/2023\/11\/Arkeokitap2021.jpg 657w, https:\/\/iicistanbul.esteri.it\/wp-content\/uploads\/2023\/11\/Arkeokitap2021-213x300.jpg 213w\" sizes=\"auto, (max-width: 231px) 100vw, 231px\" \/><\/a><\/p>\n<p>XII. T\u00fcrkiye\u2019deki arkeolojik \u00e7al\u0131\u015fmalara e\u011fitim, ara\u015ft\u0131rma ve kaz\u0131\u2019da \u0130talya katk\u0131s\u0131 sempozyumu , Sempozyum bildirileri 2021<\/p>\n<p><em>T\u00fcm haklar\u0131 sakl\u0131d\u0131r. K\u0131smen \u00e7o\u011falt\u0131lmas\u0131 bile yasakt\u0131r.\u00a0<\/em><\/p>\n<p>&nbsp;<\/p>\n<p><strong><a href=\"https:\/\/drive.google.com\/file\/d\/1-0NjVjN5BXDlkcjrKsz5JeN01Duxoi-B\/view\" target=\"_blank\" rel=\"noopener\">\u0130talyan Mimarlar\u0131n \u00d6yk\u00fcleri<\/a><\/strong><\/p>\n<p><a href=\"https:\/\/drive.google.com\/file\/d\/1-0NjVjN5BXDlkcjrKsz5JeN01Duxoi-B\/view\"><img loading=\"lazy\" decoding=\"async\" class=\"alignnone size-medium wp-image-6019 img-fluid\" src=\"https:\/\/iicistanbul.esteri.it\/wp-content\/uploads\/2023\/09\/imo-cover-228x300.jpg\" alt=\"\" width=\"228\" height=\"300\" srcset=\"https:\/\/iicistanbul.esteri.it\/wp-content\/uploads\/2023\/09\/imo-cover-228x300.jpg 228w, https:\/\/iicistanbul.esteri.it\/wp-content\/uploads\/2023\/09\/imo-cover-778x1024.jpg 778w, https:\/\/iicistanbul.esteri.it\/wp-content\/uploads\/2023\/09\/imo-cover-768x1011.jpg 768w, https:\/\/iicistanbul.esteri.it\/wp-content\/uploads\/2023\/09\/imo-cover.jpg 1162w\" sizes=\"auto, (max-width: 228px) 100vw, 228px\" \/><\/a><\/p>\n<p>Kitap, XX. yu\u0308zy\u0131la damga vuran ve XXI. yu\u0308zy\u0131la da uzanan \u0130talyan mimarlar\u0131n \u00f6yku\u0308lerini; \u0130talyan mimarlar\u0131n, u\u0308niversitelerin, yay\u0131nevlerinin ve mu\u0308ze kurumlar\u0131n\u0131n ara\u015ft\u0131rmalar\u0131, faaliyetleri, bak\u0131\u015f a\u00e7\u0131lar\u0131 u\u0308zerinden Tu\u0308rk toplumuna tan\u0131tmak ve payla\u015fmak amac\u0131yla Moira Valeri taraf\u0131ndan tasarlanan ve du\u0308zenlenen, \u0130stanbul \u0130talyan Ku\u0308ltu\u0308r Merkezi\u2019nin 2016\u2019dan 2021\u2019e kadar organize etti\u011fi ve ev sahipli\u011fi yapt\u0131\u011f\u0131, \u201c\u0130talyan Mimarlar\u0131n \u00d6yku\u0308leri\u201d bulu\u015fmalar\u0131na davetli kat\u0131l\u0131mc\u0131lar\u0131n katk\u0131lar\u0131n\u0131 bir araya getirmektedir.<\/p>\n<p>&nbsp;<\/p>\n<p><a href=\"https:\/\/iicistanbul.esteri.it\/wp-content\/uploads\/2023\/09\/italyan_kultur_arkeoloji_2020.pdf\" target=\"_blank\" rel=\"noopener\"><strong>Kamusal Alan, \u00d6zel Alan<\/strong><\/a><\/p>\n<p><a href=\"https:\/\/iicistanbul.esteri.it\/wp-content\/uploads\/2023\/09\/italyan_kultur_arkeoloji_2020.pdf\"><img loading=\"lazy\" decoding=\"async\" class=\"alignnone size-medium wp-image-242 img-fluid\" src=\"https:\/\/iicistanbul.esteri.it\/wp-content\/uploads\/2023\/06\/italyan_kultur_arkeoloji_lr_page-00011-212x300.jpg\" alt=\"\" width=\"212\" height=\"300\" srcset=\"https:\/\/iicistanbul.esteri.it\/wp-content\/uploads\/2023\/06\/italyan_kultur_arkeoloji_lr_page-00011-212x300.jpg 212w, https:\/\/iicistanbul.esteri.it\/wp-content\/uploads\/2023\/06\/italyan_kultur_arkeoloji_lr_page-00011-725x1024.jpg 725w, https:\/\/iicistanbul.esteri.it\/wp-content\/uploads\/2023\/06\/italyan_kultur_arkeoloji_lr_page-00011-768x1085.jpg 768w, https:\/\/iicistanbul.esteri.it\/wp-content\/uploads\/2023\/06\/italyan_kultur_arkeoloji_lr_page-00011.jpg 1140w\" sizes=\"auto, (max-width: 212px) 100vw, 212px\" \/><\/a><\/p>\n<p>XI. T\u00fcrkiye\u2019deki arkeolojik \u00e7al\u0131\u015fmalara e\u011fitim, ara\u015ft\u0131rma ve kaz\u0131\u2019da \u0130talya katk\u0131s\u0131 sempozyumu , Sempozyum bildirileri 2020<\/p>\n<p><em>T\u00fcm haklar\u0131 sakl\u0131d\u0131r. K\u0131smen \u00e7o\u011falt\u0131lmas\u0131 bile yasakt\u0131r.\u00a0<\/em><\/p>\n<p>&nbsp;<\/p>\n<p><strong><a href=\"https:\/\/iicistanbul.esteri.it\/wp-content\/uploads\/2023\/09\/in_cammino_con_dante_-_dante_e_loriente_iic_istanbul.pdf\" target=\"_blank\" rel=\"noopener\">Dante ile Ya\u015fam Yolunda | Dante ve Do\u011fu<\/a><\/strong><\/p>\n<p><a href=\"https:\/\/iicistanbul.esteri.it\/wp-content\/uploads\/2023\/09\/in_cammino_con_dante_-_dante_e_loriente_iic_istanbul.pdf\"><img loading=\"lazy\" decoding=\"async\" class=\"alignnone size-medium wp-image-247 img-fluid\" src=\"https:\/\/iicistanbul.esteri.it\/wp-content\/uploads\/2023\/06\/dantesitokapak-300x300.jpg\" alt=\"\" width=\"300\" height=\"300\" srcset=\"https:\/\/iicistanbul.esteri.it\/wp-content\/uploads\/2023\/06\/dantesitokapak-300x300.jpg 300w, https:\/\/iicistanbul.esteri.it\/wp-content\/uploads\/2023\/06\/dantesitokapak-1024x1024.jpg 1024w, https:\/\/iicistanbul.esteri.it\/wp-content\/uploads\/2023\/06\/dantesitokapak-150x150.jpg 150w, https:\/\/iicistanbul.esteri.it\/wp-content\/uploads\/2023\/06\/dantesitokapak-768x768.jpg 768w, https:\/\/iicistanbul.esteri.it\/wp-content\/uploads\/2023\/06\/dantesitokapak.jpg 1140w\" sizes=\"auto, (max-width: 300px) 100vw, 300px\" \/><\/a><\/p>\n<p>Kitap, \u201cDante \u0130le Ya\u015fam Yolunda\u201d ile \u201cDante ve Do\u011fu\u201d ba\u015fl\u0131kl\u0131 iki konferans dizisinde sunulan makaleleri ve \u00e7evirilerini i\u00e7erir.<\/p>\n<p><em>T\u00fcm haklar\u0131 sakl\u0131d\u0131r. K\u0131smen \u00e7o\u011falt\u0131lmas\u0131 bile yasakt\u0131r.<\/em><\/p>\n<p>&nbsp;<\/p>\n<p><a href=\"https:\/\/iicistanbul.esteri.it\/wp-content\/uploads\/2025\/03\/DANTE-YUNUS-2023.pdf\" target=\"_blank\" rel=\"noopener\"><strong>Dante ve Yunus Emre: \u0130ki Paralel Evrenin Kar\u015f\u0131la\u015ft\u0131r\u0131lmas\u0131<\/strong><\/a><\/p>\n<p><a href=\"https:\/\/iicistanbul.esteri.it\/wp-content\/uploads\/2023\/09\/in_cammino_con_dante_-_dante_e_loriente_iic_istanbul.pdf\"><img loading=\"lazy\" decoding=\"async\" class=\"img-fluid alignnone wp-image-15918 size-medium\" src=\"https:\/\/iicistanbul.esteri.it\/wp-content\/uploads\/2025\/03\/Dante-Yunus-Kapak-2-208x300.jpg\" alt=\"\" width=\"208\" height=\"300\" srcset=\"https:\/\/iicistanbul.esteri.it\/wp-content\/uploads\/2025\/03\/Dante-Yunus-Kapak-2-208x300.jpg 208w, https:\/\/iicistanbul.esteri.it\/wp-content\/uploads\/2025\/03\/Dante-Yunus-Kapak-2-709x1024.jpg 709w, https:\/\/iicistanbul.esteri.it\/wp-content\/uploads\/2025\/03\/Dante-Yunus-Kapak-2-768x1110.jpg 768w, https:\/\/iicistanbul.esteri.it\/wp-content\/uploads\/2025\/03\/Dante-Yunus-Kapak-2.jpg 1063w\" sizes=\"auto, (max-width: 208px) 100vw, 208px\" \/><\/a><\/p>\n<p>Bu eser, 30 Eyl\u00fcl \u2013 21 Ekim 2021 tarihleri aras\u0131nda Covid19 pandemisi nedeniyle dijital platformda ger\u00e7ekle\u015ftirdi\u011fimiz \u201cDanteAlighieri ve Yunus Emre: \u0130ki Paralel Evrenin Kar\u015f\u0131la\u015ft\u0131r\u0131lmas\u0131\u201d ba\u015fl\u0131kl\u0131 konferans\u0131m\u0131za i\u015ftirak eden sekiz sayg\u0131de\u011fer T\u00fcrk ve \u0130talyan ara\u015ft\u0131rmac\u0131n\u0131n bildirilerini i\u00e7ermektedir. 2021 y\u0131l\u0131nda d\u00fczenlenen bu konferansla iki \u00fclkenin dil ve edebiyat \u00fcstad\u0131 iki b\u00fcy\u00fck \u015fairini, \u00f6l\u00fcmlerinin 700. y\u0131l\u0131nda anmak ama\u00e7lanm\u0131\u015ft\u0131r.<\/p>\n<p><em>T\u00fcm haklar\u0131 sakl\u0131d\u0131r. K\u0131smen \u00e7o\u011falt\u0131lmas\u0131 bile yasakt\u0131r.<\/em><\/p>\n<p>&nbsp;<\/p>\n<p><strong><a href=\"https:\/\/iicistanbul.esteri.it\/wp-content\/uploads\/2024\/07\/Dante_LIBRETTO_web.pdf\" target=\"_blank\" rel=\"noopener\">Karanl\u0131k Ormandan Cennete<\/a><\/strong><\/p>\n<p><a href=\"https:\/\/iicistanbul.esteri.it\/wp-content\/uploads\/2023\/11\/Italyan-Kultur-Merkezi-Arkeoloji-Sempozyumu-Bildirileri-2021.pdf\" target=\"_blank\" rel=\"noopener\"><img loading=\"lazy\" decoding=\"async\" class=\" img-fluid alignnone wp-image-13503 size-medium\" src=\"https:\/\/iicistanbul.esteri.it\/wp-content\/uploads\/2024\/07\/Dante_LIBRETTO_web-1-201x300.jpg\" alt=\"\" width=\"201\" height=\"300\" srcset=\"https:\/\/iicistanbul.esteri.it\/wp-content\/uploads\/2024\/07\/Dante_LIBRETTO_web-1-201x300.jpg 201w, https:\/\/iicistanbul.esteri.it\/wp-content\/uploads\/2024\/07\/Dante_LIBRETTO_web-1-685x1024.jpg 685w, https:\/\/iicistanbul.esteri.it\/wp-content\/uploads\/2024\/07\/Dante_LIBRETTO_web-1.jpg 715w\" sizes=\"auto, (max-width: 201px) 100vw, 201px\" \/><\/a><\/p>\n<p>Dante Alighieri&#8217;nin \u0130lahi Komedya&#8217;s\u0131na otuz \u00fc\u00e7 dilde bir yolculuk.<\/p>\n<p><em>T\u00fcm haklar\u0131 sakl\u0131d\u0131r. K\u0131smen \u00e7o\u011falt\u0131lmas\u0131 bile yasakt\u0131r.\u00a0<\/em><\/p>\n","protected":false},"excerpt":{"rendered":"2020 y\u0131l\u0131ndan itibaren, k\u00fclt\u00fcr merkezimiz ayn\u0131 zamanda kendi yay\u0131nlar\u0131n\u0131 da \u00fcretmeye ba\u015flad\u0131. A\u015fa\u011f\u0131daki kitaplar\u0131m\u0131z\u0131 \u00fccretsiz olarak indirebilirsiniz: Pietro Canonica ve Mustafa Kemal Atat\u00fcrk. T\u00fcrkiye Cumhuriyeti&#8217;nin ilk y\u0131llar\u0131nda \u0130talyan varl\u0131\u011f\u0131. Bu kitap, T\u00fcrkiye Cumhuriyeti&#8217;nin Y\u00fcz\u00fcnc\u00fc Y\u0131l\u0131 vesilesiyle Pietro Canonica ve Mustafa Kemal Atat\u00fcrk&#8217; adanm\u0131\u015f uluslararas\u0131 konferansta davetli konu\u015fmac\u0131lar\u0131n konu\u015fmalar\u0131n\u0131 bir araya getiriyor. \u0130talyan K\u00fclt\u00fcr Merkezi\u2019nin ev [&hellip;]","protected":false},"author":3,"featured_media":0,"parent":145,"menu_order":0,"comment_status":"closed","ping_status":"closed","template":"","meta":{"footnotes":""},"class_list":["post-250","page","type-page","status-publish","hentry"],"_links":{"self":[{"href":"https:\/\/iicistanbul.esteri.it\/tr\/wp-json\/wp\/v2\/pages\/250","targetHints":{"allow":["GET"]}}],"collection":[{"href":"https:\/\/iicistanbul.esteri.it\/tr\/wp-json\/wp\/v2\/pages"}],"about":[{"href":"https:\/\/iicistanbul.esteri.it\/tr\/wp-json\/wp\/v2\/types\/page"}],"author":[{"embeddable":true,"href":"https:\/\/iicistanbul.esteri.it\/tr\/wp-json\/wp\/v2\/users\/3"}],"replies":[{"embeddable":true,"href":"https:\/\/iicistanbul.esteri.it\/tr\/wp-json\/wp\/v2\/comments?post=250"}],"version-history":[{"count":6,"href":"https:\/\/iicistanbul.esteri.it\/tr\/wp-json\/wp\/v2\/pages\/250\/revisions"}],"predecessor-version":[{"id":16532,"href":"https:\/\/iicistanbul.esteri.it\/tr\/wp-json\/wp\/v2\/pages\/250\/revisions\/16532"}],"up":[{"embeddable":true,"href":"https:\/\/iicistanbul.esteri.it\/tr\/wp-json\/wp\/v2\/pages\/145"}],"wp:attachment":[{"href":"https:\/\/iicistanbul.esteri.it\/tr\/wp-json\/wp\/v2\/media?parent=250"}],"curies":[{"name":"wp","href":"https:\/\/api.w.org\/{rel}","templated":true}]}}