{"id":255,"date":"2023-06-26T12:42:07","date_gmt":"2023-06-26T09:42:07","guid":{"rendered":"https:\/\/iicistanbul.esteri.it\/gli_eventi\/calendario\/prenotazione-agli-eventi\/"},"modified":"2023-09-11T12:55:37","modified_gmt":"2023-09-11T09:55:37","slug":"prenotazione-agli-eventi","status":"publish","type":"page","link":"https:\/\/iicistanbul.esteri.it\/tr\/chi-siamo\/contatti\/prenotazione-agli-eventi\/","title":{"rendered":"Etkinliklere nas\u0131l kay\u0131t yap\u0131l\u0131r?"},"content":{"rendered":"<p>De\u011ferli misafirlerimiz, \u0130stanbul \u0130talyan K\u00fclt\u00fcr Merkezi taraf\u0131ndan d\u00fczenlenen aktivitelere kat\u0131l\u0131m i\u00e7in a\u015fa\u011f\u0131daki \u015fartlar\u0131 okuman\u0131z\u0131 rica ederiz.<\/p>\n<ul>\n<li>Etkinlik sayfas\u0131nda aksi belirtilmedi\u011fi m\u00fcddet\u00e7e t\u00fcm faaliyetlerimize kat\u0131l\u0131m i\u00e7in\u00a0<strong>kay\u0131t zorunludur<\/strong>. Rezervasyon yapmak i\u00e7in ilgili etkinlik sayfas\u0131n\u0131n alt\u0131nda bulunan &#8220;Rezervasy\u0131n Yap&#8221; butonunu kullanabilirsiniz.<\/li>\n<li>Kayd\u0131n\u0131z\u0131n ger\u00e7ekle\u015fti\u011fine dair onay maili al\u0131yor olacaks\u0131n\u0131z. Salonun dolmas\u0131, kay\u0131tlar\u0131n erken kapanmas\u0131 veya etkinli\u011fin iptali gibi durumlarda rezervasyon yapmak m\u00fcmk\u00fcn olmayacakt\u0131r.<\/li>\n<li>Rezervasyonlar sadece Eventbrite platformu \u00fczerinden kabul edilmektedir. Etkinli\u011fe kay\u0131t olarak kullan\u0131c\u0131, Eventbrite&#8217;\u0131n kullan\u0131m \u015fartnamesini kabul etmi\u015f say\u0131l\u0131r.\u00a0<a href=\"https:\/\/www.eventbrite.it\/support\/articles\/it\/Troubleshooting\/informativa-sulla-privacy-di-Eventbrite?lg=it\">KVKK ve gizlilik bildirisi i\u00e7in t\u0131klay\u0131n\u0131z.<\/a><\/li>\n<li>Rezervasyon i\u00e7in ilgili ba\u011flant\u0131lar, etkinli\u011fe bir hafta kala aktif olur.<\/li>\n<li>Her kullan\u0131c\u0131 en fazla iki ki\u015filik kay\u0131t ger\u00e7ekle\u015ftirebilir. Ayn\u0131 kullan\u0131c\u0131 taraf\u0131ndan yap\u0131lan m\u00fckerrer kay\u0131tlar silinecektir. Her misafir giri\u015fte sorulmas\u0131 halinde kimlik ibraz\u0131yla zorunludur.<\/li>\n<li>Rezervasyonlar devredilemezler.<\/li>\n<li>Misafirlerimiz etkinli\u011fe kat\u0131lamamalar\u0131 halinde rezervasyonlar\u0131n\u0131 iptal etmekle y\u00fck\u00fcml\u00fcd\u00fcrler.<\/li>\n<li>Salon giri\u015finde g\u00fcvenlik kontrol prosed\u00fcrleri uygulanacakt\u0131r.<\/li>\n<li>K\u00fclt\u00fcr Kerkezi\u00a0etkinlik i\u00e7in uygun g\u00f6rmedi\u011fi ki\u015fileri etkinlik mekan\u0131na almama hakk\u0131nda sahiptir.<\/li>\n<li>Etkinlikte foto\u011fraf ve video \u00e7ekimi olacakt\u0131r. Etkinli\u011fe kat\u0131larak, misafirlerimiz bu materyalin \u00fccretsiz kullan\u0131lmas\u0131n\u0131, \u00f6zellikle sosyal medya kanallar\u0131m\u0131zda, b\u00fcltende, web sitemizde, i\u00e7 ileti\u015fimde ve sponsorlar\u0131m\u0131z gibi \u00fc\u00e7\u00fcnc\u00fc taraflara iletilmesinde kullan\u0131lmas\u0131n\u0131 kabul ve taahh\u00fct eder.<\/li>\n<li>K\u00fclt\u00fcr Merkezi etkinlik alan\u0131 ve etkinlik saatinde de\u011fi\u015fiklik yapma hakk\u0131na sahiptir.<\/li>\n<li>Salona giri\u015fler etkinlikten bir saat \u00f6nce a\u00e7\u0131lacakt\u0131r. Ba\u015flang\u0131\u00e7 sattinden en az 15 dakika \u00f6nce gelerek yerinizi alman\u0131z \u00f6nerilir.\u00a0Etkinlik ba\u015flang\u0131\u00e7 saatinden sonra salona giri\u015f yap\u0131lamayacakt\u0131r.<\/li>\n<\/ul>\n","protected":false},"excerpt":{"rendered":"De\u011ferli misafirlerimiz, \u0130stanbul \u0130talyan K\u00fclt\u00fcr Merkezi taraf\u0131ndan d\u00fczenlenen aktivitelere kat\u0131l\u0131m i\u00e7in a\u015fa\u011f\u0131daki \u015fartlar\u0131 okuman\u0131z\u0131 rica ederiz. Etkinlik sayfas\u0131nda aksi belirtilmedi\u011fi m\u00fcddet\u00e7e t\u00fcm faaliyetlerimize kat\u0131l\u0131m i\u00e7in\u00a0kay\u0131t zorunludur. Rezervasyon yapmak i\u00e7in ilgili etkinlik sayfas\u0131n\u0131n alt\u0131nda bulunan &#8220;Rezervasy\u0131n Yap&#8221; butonunu kullanabilirsiniz. Kayd\u0131n\u0131z\u0131n ger\u00e7ekle\u015fti\u011fine dair onay maili al\u0131yor olacaks\u0131n\u0131z. Salonun dolmas\u0131, kay\u0131tlar\u0131n erken kapanmas\u0131 veya etkinli\u011fin iptali gibi durumlarda [&hellip;]","protected":false},"author":3,"featured_media":0,"parent":124,"menu_order":0,"comment_status":"closed","ping_status":"closed","template":"","meta":{"footnotes":""},"class_list":["post-255","page","type-page","status-publish","hentry"],"_links":{"self":[{"href":"https:\/\/iicistanbul.esteri.it\/tr\/wp-json\/wp\/v2\/pages\/255","targetHints":{"allow":["GET"]}}],"collection":[{"href":"https:\/\/iicistanbul.esteri.it\/tr\/wp-json\/wp\/v2\/pages"}],"about":[{"href":"https:\/\/iicistanbul.esteri.it\/tr\/wp-json\/wp\/v2\/types\/page"}],"author":[{"embeddable":true,"href":"https:\/\/iicistanbul.esteri.it\/tr\/wp-json\/wp\/v2\/users\/3"}],"replies":[{"embeddable":true,"href":"https:\/\/iicistanbul.esteri.it\/tr\/wp-json\/wp\/v2\/comments?post=255"}],"version-history":[{"count":1,"href":"https:\/\/iicistanbul.esteri.it\/tr\/wp-json\/wp\/v2\/pages\/255\/revisions"}],"predecessor-version":[{"id":5995,"href":"https:\/\/iicistanbul.esteri.it\/tr\/wp-json\/wp\/v2\/pages\/255\/revisions\/5995"}],"up":[{"embeddable":true,"href":"https:\/\/iicistanbul.esteri.it\/tr\/wp-json\/wp\/v2\/pages\/124"}],"wp:attachment":[{"href":"https:\/\/iicistanbul.esteri.it\/tr\/wp-json\/wp\/v2\/media?parent=255"}],"curies":[{"name":"wp","href":"https:\/\/api.w.org\/{rel}","templated":true}]}}