{"id":260,"date":"2023-06-26T12:53:47","date_gmt":"2023-06-26T09:53:47","guid":{"rendered":"https:\/\/iicistanbul.esteri.it\/gli_eventi\/calendario\/avvertenze-su-proposte-culturali\/"},"modified":"2023-06-26T12:55:12","modified_gmt":"2023-06-26T09:55:12","slug":"avvertenze-su-proposte-culturali","status":"publish","type":"page","link":"https:\/\/iicistanbul.esteri.it\/tr\/chi-siamo\/contatti\/avvertenze-su-proposte-culturali\/","title":{"rendered":"Etkinlik \u00f6nerileri i\u00e7in uyar\u0131lar"},"content":{"rendered":"<p>\u0130stanbul \u0130talyan K\u00fclt\u00fcr Merkezi\u2019ne bir etkinlik \u00f6nerisinde mi bulunmak istiyorsunuz?<\/p>\n<p>E-mail yoluyla\u00a0<a href=\"mailto:proposte.iicistanbul@esteri.it\">proposte.iicistanbul@esteri.it<\/a>\u00a0adresine \u00f6zge\u00e7mi\u015f ve detayland\u0131r\u0131lm\u0131\u015f konser program\u0131 ile \u00f6nerinizi sunabilirsiniz.<\/p>\n<p>Teklifinizin elimize ula\u015ft\u0131\u011f\u0131na dair bir onay e-postas\u0131 al\u0131yor olacaks\u0131n\u0131z. \u0130talyan K\u00fclt\u00fcr Merkezi&#8217;nin\u00a0hedef, faaliyet alanlar\u0131 ve etkinlik takvimi ile uygun d\u00fc\u015ft\u00fc\u011f\u00fc takdirde, i\u015fbirli\u011fini detayland\u0131rmak i\u00e7in sizinle irtibata ge\u00e7iyor olaca\u011f\u0131z.<\/p>\n<p>Farkl\u0131 adresler ve di\u011fer kanallar arac\u0131l\u0131\u011f\u0131yla (telefon, mektup) yapm\u0131\u015f oldu\u011funuz \u00f6neriler dikkate al\u0131nmayacakt\u0131r. Her \u00f6neri ilgili birim taraf\u0131ndan de\u011ferlendirilecektir.<\/p>\n","protected":false},"excerpt":{"rendered":"\u0130stanbul \u0130talyan K\u00fclt\u00fcr Merkezi\u2019ne bir etkinlik \u00f6nerisinde mi bulunmak istiyorsunuz? E-mail yoluyla\u00a0proposte.iicistanbul@esteri.it\u00a0adresine \u00f6zge\u00e7mi\u015f ve detayland\u0131r\u0131lm\u0131\u015f konser program\u0131 ile \u00f6nerinizi sunabilirsiniz. Teklifinizin elimize ula\u015ft\u0131\u011f\u0131na dair bir onay e-postas\u0131 al\u0131yor olacaks\u0131n\u0131z. \u0130talyan K\u00fclt\u00fcr Merkezi&#8217;nin\u00a0hedef, faaliyet alanlar\u0131 ve etkinlik takvimi ile uygun d\u00fc\u015ft\u00fc\u011f\u00fc takdirde, i\u015fbirli\u011fini detayland\u0131rmak i\u00e7in sizinle irtibata ge\u00e7iyor olaca\u011f\u0131z. Farkl\u0131 adresler ve di\u011fer kanallar arac\u0131l\u0131\u011f\u0131yla (telefon, [&hellip;]","protected":false},"author":3,"featured_media":0,"parent":124,"menu_order":1,"comment_status":"closed","ping_status":"closed","template":"","meta":{"footnotes":""},"class_list":["post-260","page","type-page","status-publish","hentry"],"_links":{"self":[{"href":"https:\/\/iicistanbul.esteri.it\/tr\/wp-json\/wp\/v2\/pages\/260","targetHints":{"allow":["GET"]}}],"collection":[{"href":"https:\/\/iicistanbul.esteri.it\/tr\/wp-json\/wp\/v2\/pages"}],"about":[{"href":"https:\/\/iicistanbul.esteri.it\/tr\/wp-json\/wp\/v2\/types\/page"}],"author":[{"embeddable":true,"href":"https:\/\/iicistanbul.esteri.it\/tr\/wp-json\/wp\/v2\/users\/3"}],"replies":[{"embeddable":true,"href":"https:\/\/iicistanbul.esteri.it\/tr\/wp-json\/wp\/v2\/comments?post=260"}],"version-history":[{"count":0,"href":"https:\/\/iicistanbul.esteri.it\/tr\/wp-json\/wp\/v2\/pages\/260\/revisions"}],"up":[{"embeddable":true,"href":"https:\/\/iicistanbul.esteri.it\/tr\/wp-json\/wp\/v2\/pages\/124"}],"wp:attachment":[{"href":"https:\/\/iicistanbul.esteri.it\/tr\/wp-json\/wp\/v2\/media?parent=260"}],"curies":[{"name":"wp","href":"https:\/\/api.w.org\/{rel}","templated":true}]}}